{"id":9478,"date":"2022-01-02T23:00:46","date_gmt":"2022-01-02T23:00:47","guid":{"rendered":"https:\/\/jm-graphics.com\/?post_type=product&#038;p=9478"},"modified":"2024-05-31T10:32:50","modified_gmt":"2024-05-31T10:32:50","slug":"specialized-roubaix-2019","status":"publish","type":"product","link":"https:\/\/jm-graphics.com\/pt-pt\/produto\/specialized-roubaix-2019\/","title":{"rendered":"Specialized Roubaix 2019"},"content":{"rendered":"<p><strong>Qualidade Acima de Tudo:<\/strong> A nossa prioridade \u00e9 a qualidade em tudo o que fazemos! Usando os materiais e t\u00e9cnicas de produ\u00e7\u00e3o mais recentes e avan\u00e7adas, os nossos autocolantes tornaram-se a escolha principal de in\u00fameros ciclistas e equipas profissionais bem como de marcas de renome.<\/p>\n<p><strong>Detalhes do Produto:<\/strong> Cada autocolante \u00e9 meticulosamente produzido a partir de vinil laminado PVC de alta qualidade ou vinil recortado. Isso garante elasticidade e durabilidade, com uma vida \u00fatil que varia entre 5 a 12 anos, resistindo a temperaturas que v\u00e3o dos -40\u00baC aos 100\u00baC. Est\u00e3o desenhados para aderir completamente ap\u00f3s 48 horas da aplica\u00e7\u00e3o, assegurando um acabamento perfeito.<\/p>\n<h2>Detalhes a Ter em Conta:<\/h2>\n<p><strong>Imagens do Produto:<\/strong> As imagens que mostramos s\u00e3o uma representa\u00e7\u00e3o virtual do produto. Dado que muitos dos nossos produtos s\u00e3o personalizados, o produto final pode variar ligeiramente.<\/p>\n<p><strong>Precis\u00e3o de Cor:<\/strong> Devido a poss\u00edveis diferen\u00e7as de ecr\u00e3, a cor real do produto pode divergir um pouco. Para uma correspond\u00eancia exata, considere contactar-nos ou ver as amostras pessoalmente.<\/p>\n<p><strong>Aplica\u00e7\u00e3o e Durabilidade:<\/strong> A longevidade destes autocolantes depende significativamente das condi\u00e7\u00f5es de aplica\u00e7\u00e3o e uso. Consulte as nossas instru\u00e7\u00f5es de aplica\u00e7\u00e3o para obter resultados perfeitos.<\/p>\n<p><strong>Cores Especiais:<\/strong> Tipos de cor como metalizado, fluorescente ou cromado s\u00e3o indiscutivelmente vistosas, mas ir\u00e3o exigir mais cuidado na aplica\u00e7\u00e3o e durante a sua vida \u00fatil. Se procura uma boa rela\u00e7\u00e3o entre est\u00e9tica e durabilidade, as nossas cores normais s\u00e3o uma escolha mais s\u00f3lida.<\/p>\n","protected":false},"excerpt":{"rendered":"<p>Qualidade Acima de Tudo: A nossa prioridade \u00e9 a qualidade em tudo o que fazemos! Usando os materiais e t\u00e9cnicas de produ\u00e7\u00e3o mais recentes e avan\u00e7adas, os nossos autocolantes tornaram-se a escolha principal de in\u00fameros ciclistas e equipas profissionais bem como de marcas de renome. Detalhes do Produto: Cada autocolante \u00e9 meticulosamente produzido a partir&#8230;<\/p>\n","protected":false},"featured_media":9482,"template":"","meta":[],"product_brand":[],"product_cat":[229,248,424],"product_tag":[2055,2054,625,1377,641],"class_list":{"0":"post-9478","1":"product","2":"type-product","3":"status-publish","4":"has-post-thumbnail","6":"product_cat-autocolantes","7":"product_cat-quadro","8":"product_cat-specialized-pt-pt","9":"product_tag-autocolantes-pt-pt","10":"product_tag-decalques-pt-pt","11":"product_tag-quadro","12":"product_tag-roubaix-pt-pt","13":"product_tag-specialized-pt-pt","14":"product_shipping_class-grande","15":"wcpa_has_options","17":"first","18":"instock","19":"taxable","20":"shipping-taxable","21":"purchasable","22":"product-type-variable"},"aioseo_notices":[],"wcpa_form_fields":{"wcpaData":{"product":{"product_price":19.5,"price_html":"<span class=\"woocommerce-Price-amount amount\"><bdi>19,50&nbsp;<span class=\"woocommerce-Price-currencySymbol\">&euro;<\/span><\/bdi><\/span>","original_product_price":19.5,"price_including_tax":19.5,"price_excluding_tax":15.853659,"product_id":{"parent":9478,"variation":false},"is_variable":true,"stock_status":"instock","stock_quantity":null,"parent_sku":"QD-75","product_attributes":{"pa_frame-size":{"is_variation":true,"values":[]}},"custom_fields":[],"is_taxable":true,"product_name":"Specialized Roubaix 2019","hasImage":false},"fields":{"sec_265a84a67c1d2b":{"extra":{"key":"sec_265a84a67c1d2b","section_id":"sec_265a84a67c1d2b","name":"Cut","status":1,"cl_rule":"show","enableCl":false,"relations":[],"toggle":true,"title_tag":"h3","show_title":false,"showPrice":"default","form_id":37793,"form_rules":{"exclude_from_discount":false,"fee_label":"Fee","disp_hide_options_price":true,"disp_show_section_price":false,"disp_show_field_price":false,"layout_option":"standard","pric_use_as_fee":false,"process_fee_as":"woo_fee"},"layout_option":"standard"},"fields":[[{"active":true,"col":6,"relations":false,"cl_rule":"show","enableCl":false,"price":"","enablePrice":false,"className":"","label_position":"default","desc_position":"default","type":"header","required":false,"elementId":"header_7738340621","label":"Cores","subtype":"h2","error":false,"enableDesign":true,"LabelColor":"#009ee3","gt_translate_keys":["label"],"price_dependency":false,"cl_dependency":false,"value":""}],[{"active":true,"col":6,"relations":false,"cl_rule":"show","enableCl":false,"price":"","enablePrice":true,"className":"","label_position":"default","desc_position":"default","type":"radio-group","required":true,"elementId":"radio_6492721975","label":"","name":"radio_6492721975","values":[{"label":"Normal","value":"normal","selected":false,"tempId":"aco_2295","price":"0","gt_translate_keys":["label"]},{"label":"Metalizado (+20%)","value":"metal","selected":false,"tempId":"aco_2296","price":"({product_price})*0.2","gt_translate_keys":["label"]},{"label":"Fluorescente (+20%)","value":"neon","selected":false,"tempId":"aco_2297","price":"({product_price})*0.2","gt_translate_keys":["label"]},{"label":"Cromado (+40%)","value":"chrome","selected":false,"tempId":"aco_2451","price":"({product_price})*0.4","gt_translate_keys":["label"]},{"label":"Especial (+40%)","value":"special","selected":false,"tempId":"aco_28","price":"({product_price})*0.4","gt_translate_keys":["label"]}],"layOut":"","error":false,"checkUi":"","tooltip":"Visite esta <b><a href=\"https:\/\/jm-graphics.com\/pt-pt\/perguntas-frequentes\/tipos-de-cores\/\" target=\"_blank\">P\u00c1GINA<\/a><\/b> se tiver alguma d\u00favida sobre a sua escolha.","priceOptions":"different_for_all","pricingType":"custom","hideFieldIn_cart":true,"hideFieldIn_order":true,"isTemplate":false,"gt_translate_keys":["label","tooltip"],"price_dependency":false,"cl_dependency":["wcpa-color-group-61465dbac24af","image_8651662744","color-group-8267336161","image-group-1604123858","image-group-2740610272"],"value":""}],[{"type":"color-group","required":true,"elementId":"wcpa-color-group-61465dbac24af","label":"Cores Normais","inline":true,"priceOptions":"different_for_all","pricingType":"fixed","name":"color-group-61465dbac24b5","disp_type":"squircle","selection_type":"tick","disp_size":{"width":"60","height":"30"},"cart_display_type":"box","other_text":"Other","cl_rule":"show","col":6,"values":[{"id":1,"selected":false,"label":"Preto","value":"black","color":"#000000ff","gt_translate_keys":["label"]},{"id":2,"selected":false,"label":"Preto Fosco","value":"matte_black","color":"#000000ff","gt_translate_keys":["label"]},{"id":6,"selected":false,"label":"Branco","value":"white","color":"#ffffffff","gt_translate_keys":["label"]},{"id":5,"selected":false,"label":"Branco Matte","value":"matte_white","color":"#ffffffff","gt_translate_keys":["label"]},{"id":10,"selected":false,"label":"Vermelho","value":"red","color":"#c02222ff","gt_translate_keys":["label"]},{"id":13,"selected":false,"label":"Laranja","value":"orange","color":"#ee7700ff","gt_translate_keys":["label"]},{"id":19,"selected":false,"label":"Amarelo","value":"yellow","color":"#ffed00ff","gt_translate_keys":["label"]},{"id":21,"selected":false,"label":"Verde Lima","value":"lime_green","color":"#a0c527ff","gt_translate_keys":["label"]},{"id":26,"selected":false,"label":"Turquesa","value":"turquoise","color":"#00a3acff","gt_translate_keys":["label"]},{"id":28,"selected":false,"label":"Ciano","value":"cyan","color":"#00a0e3ff","gt_translate_keys":["label"]},{"id":29,"selected":false,"label":"Azul","value":"blue","color":"#005ec4ff","gt_translate_keys":["label"]},{"id":31,"selected":false,"label":"Roxo","value":"purple","color":"#9620b2ff","gt_translate_keys":["label"]},{"id":33,"selected":false,"label":"Magenta","value":"magenta","color":"#e5097fff","gt_translate_keys":["label"]}],"relations":[{"operator":false,"rules":[{"operator":false,"rules":{"cl_field":"radio_6492721975","cl_relation":"is","cl_val":"normal"}}]}],"active":true,"tooltip":"","layOut":"inline","error":false,"adjust_width":true,"enableCl":true,"show_selected_option":true,"gt_translate_keys":["label","tooltip"],"price_dependency":false,"cl_dependency":false,"value":""}],[{"active":true,"col":6,"relations":[{"operator":false,"rules":[{"operator":"AND","rules":{"cl_field":"radio_6492721975","cl_relation":"is","cl_val":"metal"}}]}],"cl_rule":"show","enableCl":true,"price":"","enablePrice":false,"className":"","label_position":"default","desc_position":"default","type":"image-group","required":true,"elementId":"image_8651662744","label":"Cores Metalizadas","name":"image_8651662744","enable_popup":"all","multiple":false,"layOut":"inline","img_selection_type":"outline","disp_type":"squircle","values":[{"image":"https:\/\/jm-graphics.com\/wp-content\/uploads\/2024\/08\/Cinza-Metalizado.jpg","image_id":43820,"id":null,"selected":false,"label":"Cinza Metalizado","value":"metallic_grey","thumb_src":"https:\/\/jm-graphics.com\/wp-content\/uploads\/2024\/08\/Cinza-Metalizado-100x100.jpg","gt_translate_keys":["label"]},{"image":"https:\/\/jm-graphics.com\/wp-content\/uploads\/2024\/01\/Dourado-Metalizado.jpg","image_id":37787,"id":3,"selected":false,"label":"Dourado Metalizado","value":"metallic_gold","thumb_src":"https:\/\/jm-graphics.com\/wp-content\/uploads\/2024\/01\/Dourado-Metalizado-100x100.jpg","gt_translate_keys":["label"]}],"disp_size_img":{"width":"75","height":"75"},"error":false,"max_options":"","img_preview":false,"img_preview_disable_mobile":true,"show_selected_option":true,"gt_translate_keys":["label"],"price_dependency":false,"cl_dependency":false,"value":""}],[{"label":"Cores Fluorescentes","active":true,"required":true,"elementId":"color-group-8267336161","tooltip":"","name":"color-group-8267336161","enablePrice":false,"relations":[{"operator":false,"rules":[{"operator":false,"rules":{"cl_field":"radio_6492721975","cl_relation":"is","cl_val":"neon"}}]}],"layOut":"inline","other_text":"Other","selection_type":"tick","disp_size":{"width":"60","height":"30"},"adjust_width":true,"cart_display_type":"box","disp_type":"squircle","values":[{"id":34,"selected":false,"label":"Amarelo Fluorescente","value":"neon_yellow","color":"#ddfc00ff","gt_translate_keys":["label"]},{"id":35,"selected":false,"label":"Laranja Fluorescente","value":"neon_orange","color":"#ff4102ff","gt_translate_keys":["label"]},{"id":36,"selected":false,"label":"Verde Fluorescente","value":"neon_green","color":"#00d103ff","gt_translate_keys":["label"]},{"id":37,"selected":false,"label":"Rosa Fluorescente","value":"neon_pink","color":"#ff006eff","gt_translate_keys":["label"]}],"priceOptions":"fixed_for_all","pricingType":"percentage","isTemplate":false,"price":"","cl_rule":"show","col":6,"type":"color-group","error":false,"enableCl":true,"show_selected_option":true,"gt_translate_keys":["label","tooltip"],"price_dependency":false,"cl_dependency":["content_8498614933"],"value":""}],[{"active":true,"col":6,"relations":[{"operator":false,"rules":[{"operator":"AND","rules":{"cl_field":"color-group-8267336161","cl_relation":"0","cl_val":""}}]}],"cl_rule":"show","enableCl":true,"price":"","enablePrice":false,"className":"","label_position":"default","desc_position":"default","type":"content","required":false,"elementId":"content_8498614933","label":"AVISO","name":"content_8498614933","contentType":"rich","value":"<p><strong>As cores fluorescentes podem ter uma durabilidade reduzida quando expostas intensamente ao sol.&nbsp;<\/strong><\/p>","error":false,"hideFieldIn_cart":true,"hideFieldIn_order":true,"gt_translate_keys":["label","value"],"price_dependency":false,"cl_dependency":false}],[{"label":"Cores Cromadas","active":true,"required":true,"elementId":"image-group-1604123858","name":"image-group-1604123858","label_position":"default","desc_position":"default","enablePrice":false,"className":"","enableCl":true,"relations":[{"operator":false,"rules":[{"operator":"AND","rules":{"cl_field":"radio_6492721975","cl_relation":"is","cl_val":"chrome"}}]}],"max_options":"","layOut":"inline","disp_size_img":{"width":"75","height":"75"},"img_preview":false,"img_preview_disable_mobile":true,"enable_popup":"all","disp_type":"squircle","img_selection_type":"outline","multiple":false,"values":[{"image":"https:\/\/jm-graphics.com\/wp-content\/uploads\/2022\/10\/Chrome.jpg","image_id":17559,"id":null,"selected":false,"label":"Cromado","value":"chrome","thumb_src":"https:\/\/jm-graphics.com\/wp-content\/uploads\/2022\/10\/Chrome-100x100.jpg","gt_translate_keys":["label"]},{"image":"https:\/\/jm-graphics.com\/wp-content\/uploads\/2024\/10\/Dourado-Cromado.jpg","image_id":44528,"id":4,"selected":false,"label":"Dourado Cromado","value":"chrome_gold","thumb_src":"https:\/\/jm-graphics.com\/wp-content\/uploads\/2024\/10\/Dourado-Cromado-100x100.jpg","gt_translate_keys":["label"]},{"image":"https:\/\/jm-graphics.com\/wp-content\/uploads\/2022\/10\/Holographic-Chrome.png","image_id":17561,"id":3,"selected":false,"label":"Cromado Hologr\u00e1fico","value":"holographic_chrome","thumb_src":"https:\/\/jm-graphics.com\/wp-content\/uploads\/2022\/10\/Holographic-Chrome-100x100.png","gt_translate_keys":["label"]}],"price":"","cl_rule":"show","col":6,"type":"image-group","error":false,"show_selected_option":true,"gt_translate_keys":["label"],"price_dependency":false,"cl_dependency":false,"value":""}],[{"label":"Cores Especiais","active":true,"required":true,"elementId":"image-group-2740610272","name":"image-group-2740610272","label_position":"default","desc_position":"default","enablePrice":false,"className":"","enableCl":true,"relations":[{"operator":false,"rules":[{"operator":"AND","rules":{"cl_field":"radio_6492721975","cl_relation":"is","cl_val":"special"}}]}],"max_options":"","layOut":"inline","show_selected_option":true,"disp_size_img":{"width":"75","height":"75"},"img_preview":false,"img_preview_disable_mobile":true,"enable_popup":"all","disp_type":"squircle","img_selection_type":"outline","multiple":false,"values":[{"image":"https:\/\/jm-graphics.com\/wp-content\/uploads\/2024\/09\/Carbono-Forjado-Forged-Carbon.jpg","image_id":44055,"id":null,"selected":false,"label":"Carbono Forjado Acetinado","value":"forged_carbon","thumb_src":"https:\/\/jm-graphics.com\/wp-content\/uploads\/2024\/09\/Carbono-Forjado-Forged-Carbon-100x100.jpg","gt_translate_keys":["label"]},{"image":"https:\/\/jm-graphics.com\/wp-content\/uploads\/2025\/01\/Psychedelic-Flip.jpg","image_id":46801,"id":1,"selected":false,"label":"Flip Psicod\u00e9lico Brilhante","value":"psychedelic_flip","thumb_src":"https:\/\/jm-graphics.com\/wp-content\/uploads\/2025\/01\/Psychedelic-Flip-100x100.jpg","gt_translate_keys":["label"]}],"price":"","cl_rule":"show","col":6,"type":"image-group","error":false,"gt_translate_keys":["label"],"price_dependency":false,"cl_dependency":false,"value":""}]]}},"config":{"price_override":"","enable_recaptcha":false,"bind_quantity":false,"quantity_bind_formula":false,"disp_summ_show_option_price":true,"disp_summ_show_product_price":true,"disp_summ_show_total_price":true,"disp_summ_show_fee":false,"disp_summ_show_discount":false,"summary_title":"","options_total_label":"Pre\u00e7o dos Extras","total_label":"Total","options_product_label":"Pre\u00e7o do Produto","fee_label":"Fee","discount_label":"Discount","has_price":true,"has_quantity_formula":false},"mc_unit":1,"tax_rate":1,"tax_rate_real":0.23,"discount":{"percentage":0,"fixed":0},"design":{"conf":{"LabelPosition":"above","DescPosition":"above","UploadField":"custom_1","QuantityFieldStyle":"custom_1"},"css":{"LeftLabelWidth":"120px"}},"formulas":[],"lookuptables":[],"clones":false,"cartKey":false}},"_links":{"self":[{"href":"https:\/\/jm-graphics.com\/pt-pt\/wp-json\/wp\/v2\/product\/9478","targetHints":{"allow":["GET"]}}],"collection":[{"href":"https:\/\/jm-graphics.com\/pt-pt\/wp-json\/wp\/v2\/product"}],"about":[{"href":"https:\/\/jm-graphics.com\/pt-pt\/wp-json\/wp\/v2\/types\/product"}],"wp:featuredmedia":[{"embeddable":true,"href":"https:\/\/jm-graphics.com\/pt-pt\/wp-json\/wp\/v2\/media\/9482"}],"wp:attachment":[{"href":"https:\/\/jm-graphics.com\/pt-pt\/wp-json\/wp\/v2\/media?parent=9478"}],"wp:term":[{"taxonomy":"product_brand","embeddable":true,"href":"https:\/\/jm-graphics.com\/pt-pt\/wp-json\/wp\/v2\/product_brand?post=9478"},{"taxonomy":"product_cat","embeddable":true,"href":"https:\/\/jm-graphics.com\/pt-pt\/wp-json\/wp\/v2\/product_cat?post=9478"},{"taxonomy":"product_tag","embeddable":true,"href":"https:\/\/jm-graphics.com\/pt-pt\/wp-json\/wp\/v2\/product_tag?post=9478"}],"curies":[{"name":"wp","href":"https:\/\/api.w.org\/{rel}","templated":true}]}}