{"id":7848,"date":"2021-11-01T13:33:14","date_gmt":"2021-11-01T13:33:15","guid":{"rendered":"https:\/\/jm-graphics.com\/?post_type=product&#038;p=7848"},"modified":"2022-12-23T22:30:18","modified_gmt":"2022-12-23T22:30:18","slug":"bryton-rider-60-customizer","status":"publish","type":"product","link":"https:\/\/jm-graphics.com\/pt-pt\/produto\/bryton-rider-60-customizer\/","title":{"rendered":"Bryton Rider 60 &#8211; PERSONALIZADOR"},"content":{"rendered":"<p>Somos obcecados por qualidade. Sempre em busca dos melhores e mais recentes materiais, m\u00e1quinas e t\u00e9cnicas de produ\u00e7\u00e3o. Os nossos autocolantes s\u00e3o h\u00e1 muitos anos a escolha de muitos atletas profissionais, equipas profissionais, empresas\/marcas e lojas, postos \u00e0 prova em competi\u00e7\u00f5es nos maiores eventos do mundo, de estrada a downhill.<\/p>\n<p>Produtos usando vinil pvc impresso laminado ou vinil de recorte de alta qualidade, que permitem ser colados em s\u00edtios complicados, resistindo \u00e0 radia\u00e7\u00e3o UV e abras\u00e3o. Materiais avaliados em 7 a 12 anos de durabilidade, de 50 a 200 micron de espessura, capazes de resistir a temperaturas entre -60\u00baC e 107\u00baC, dependendo do produto e da cor.<\/p>\n<p>A adesividade \u00e9 progressiva, e vai ter inicialmente uma for\u00e7a m\u00e9dia para facilitar a aplica\u00e7\u00e3o, sendo que chegar\u00e1 a 80\/90% de for\u00e7a final em 24h e 100% da for\u00e7a final em 48h.<\/p>\n<p>DE NOTAR:<\/p>\n<p>(1) As imagens s\u00e3o apenas representativas do formato do produto, uma vez o produto pode ser personalizado.<\/p>\n<p>(2) As cores podem variar na realidade, devido \u00e0 vari\u00e2ncia nas gamas de cores e defini\u00e7\u00f5es de calibra\u00e7\u00e3o do seu ecr\u00e3, bem como das configura\u00e7\u00f5es do nosso software, m\u00e1quinas e materiais. A \u00fanica forma de garantir uma calibra\u00e7\u00e3o a 100% \u00e9 comparando a cor em pessoa. Temos algumas cores de f\u00e1brica j\u00e1 calibradas, por isso em caso de d\u00favida, contacte-nos antes de encomendar para assegurarmos um melhor resultado final.<\/p>\n<p>(3) A durabilidade vai depender significativamente da aplica\u00e7\u00e3o e uso! Leia por favor as instru\u00e7\u00f5es de aplica\u00e7\u00e3o contidas na embalagem.<\/p>\n<p>(4) Cores especiais como metalizados, fluorescentes, cromados, etc, requerem materiais mais caros, mas menos dur\u00e1veis e mais dif\u00edceis de aplicar. Uma cor normal \u00e9 sempre a escolha mais segura e mais dur\u00e1vel.<\/p>\n","protected":false},"excerpt":{"rendered":"<p><strong>De notar:<\/strong><br \/>\n&#8211; Isto \u00e9 apenas uma moldura autocolante. N\u00e3o protege o ecr\u00e3. Para protec\u00e7\u00e3o, por favor procure as nossas peliculas de protec\u00e7\u00e3o RISKLESS.<\/p>\n<p>&#8211; Aconselhamos a colar a moldura autocolante por cima da pelicula de protec\u00e7\u00e3o.<\/p>\n","protected":false},"featured_media":7852,"template":"","meta":[],"product_brand":[],"product_cat":[229,442,251],"product_tag":[],"class_list":{"0":"post-7848","1":"product","2":"type-product","3":"status-publish","4":"has-post-thumbnail","6":"product_cat-autocolantes","7":"product_cat-bryton-pt-pt","8":"product_cat-gps-displays","9":"product_shipping_class-pequeno","11":"first","12":"instock","13":"taxable","14":"shipping-taxable","15":"purchasable","16":"product-type-simple"},"aioseo_notices":[],"wcpa_form_fields":null,"_links":{"self":[{"href":"https:\/\/jm-graphics.com\/pt-pt\/wp-json\/wp\/v2\/product\/7848","targetHints":{"allow":["GET"]}}],"collection":[{"href":"https:\/\/jm-graphics.com\/pt-pt\/wp-json\/wp\/v2\/product"}],"about":[{"href":"https:\/\/jm-graphics.com\/pt-pt\/wp-json\/wp\/v2\/types\/product"}],"wp:featuredmedia":[{"embeddable":true,"href":"https:\/\/jm-graphics.com\/pt-pt\/wp-json\/wp\/v2\/media\/7852"}],"wp:attachment":[{"href":"https:\/\/jm-graphics.com\/pt-pt\/wp-json\/wp\/v2\/media?parent=7848"}],"wp:term":[{"taxonomy":"product_brand","embeddable":true,"href":"https:\/\/jm-graphics.com\/pt-pt\/wp-json\/wp\/v2\/product_brand?post=7848"},{"taxonomy":"product_cat","embeddable":true,"href":"https:\/\/jm-graphics.com\/pt-pt\/wp-json\/wp\/v2\/product_cat?post=7848"},{"taxonomy":"product_tag","embeddable":true,"href":"https:\/\/jm-graphics.com\/pt-pt\/wp-json\/wp\/v2\/product_tag?post=7848"}],"curies":[{"name":"wp","href":"https:\/\/api.w.org\/{rel}","templated":true}]}}