{"id":44745,"date":"2024-10-19T17:11:20","date_gmt":"2024-10-19T17:11:23","guid":{"rendered":"https:\/\/jm-graphics.com\/?post_type=product&#038;p=44745"},"modified":"2024-10-19T19:17:54","modified_gmt":"2024-10-19T19:17:54","slug":"jm-graphics-mud-shield","status":"publish","type":"product","link":"https:\/\/jm-graphics.com\/pt-pt\/produto\/jm-graphics-mud-shield\/","title":{"rendered":"JM Graphics Mud Shield"},"content":{"rendered":"<p>Fabricado em Portugal com polipropileno (PP) de alta qualidade e decorado com vinil laminado premium, este guarda-lamas foi projetado para durar e manter um visual moderno.<\/p>\n<p>Desfruta de uma condu\u00e7\u00e3o mais limpa e confort\u00e1vel em qualquer condi\u00e7\u00e3o meteorol\u00f3gica! Este guarda-lamas protege-te de salpicos de \u00e1gua, lama e sujidade, mantendo-te seco e a tua bicicleta em excelente estado.<\/p>\n<p>Com cerca de 23 cm de comprimento, \u00e9 compat\u00edvel com suspens\u00f5es at\u00e9 150 mm de curso e funciona perfeitamente em bicicletas com rodas de 26&#8243;, 27,5&#8243; ou 29&#8243;. Projetado especificamente para suspens\u00f5es, inclui abas extra para proteger os retentores e as bainhas da suspens\u00e3o de acumula\u00e7\u00f5es de sujidade, prevenindo o desgaste prematuro.<\/p>\n<p>Inclui <strong>4 abra\u00e7adeiras pl\u00e1sticas<\/strong> para uma instala\u00e7\u00e3o f\u00e1cil e segura.<\/p>\n<p><strong>Nota de Compatibilidade:<\/strong> Este guarda-lamas n\u00e3o \u00e9 compat\u00edvel com forquetas Lefty, invertidas ou Manitou.<\/p>\n<p><strong>Dica:<\/strong> Recomendamos a aplica\u00e7\u00e3o de uma pel\u00edcula protetora nos pontos de contacto entre o guarda-lamas e a suspens\u00e3o para evitar poss\u00edveis riscos.<\/p>\n","protected":false},"excerpt":{"rendered":"<p>Pedale confortavelmente em qualquer condi\u00e7\u00e3o meteorol\u00f3gica e proteja a sua suspens\u00e3o com o JM Graphics Mud Shield. Agora com designs pr\u00e9-fabricados a um pre\u00e7o mais baixo, mantendo sempre a nossa alta qualidade.<\/p>\n","protected":false},"featured_media":44747,"template":"","meta":[],"product_brand":[],"product_cat":[311,229,254,467,1355],"product_tag":[2055,2054,1186,1184,2626,1185],"class_list":{"0":"post-44745","1":"product","2":"type-product","3":"status-publish","4":"has-post-thumbnail","6":"product_cat-accessories-pt-pt","7":"product_cat-autocolantes","8":"product_cat-a-mudguards-pt-pt","9":"product_cat-guarda-lamas-s-pt-pt","10":"product_cat-jmgraphics-gl-pt-pt","11":"product_tag-autocolantes-pt-pt","12":"product_tag-decalques-pt-pt","13":"product_tag-escudo","14":"product_tag-guarda-lamas","15":"product_tag-jmgraphics","16":"product_tag-lama","17":"product_shipping_class-medio","18":"wcpa_has_options","20":"first","21":"instock","22":"taxable","23":"shipping-taxable","24":"purchasable","25":"product-type-variable"},"aioseo_notices":[],"wcpa_form_fields":{"wcpaData":{"product":{"product_price":10,"price_html":"<span class=\"woocommerce-Price-amount amount\"><bdi>10,00&nbsp;<span class=\"woocommerce-Price-currencySymbol\">&euro;<\/span><\/bdi><\/span>","original_product_price":10,"price_including_tax":10,"price_excluding_tax":8.130081,"product_id":{"parent":44745,"variation":false},"is_variable":true,"stock_status":"instock","stock_quantity":null,"parent_sku":"GL-JM-MUDDHLDS","product_attributes":{"pa_version":{"is_variation":true,"values":[]}},"custom_fields":[],"is_taxable":true,"product_name":"JM Graphics Mud Shield","hasImage":false},"fields":{"sec_106588512f12aea":{"extra":{"key":"sec_106588512f12aea","section_id":"sec_106588512f12aea","name":"Default","status":1,"cl_rule":"show","enableCl":false,"relations":[],"toggle":true,"title_tag":"h3","show_title":false,"showPrice":"default","form_id":8714,"form_rules":{"exclude_from_discount":false,"fee_label":"","disp_hide_options_price":false,"disp_show_section_price":false,"disp_show_field_price":true,"layout_option":"standard","pric_use_as_fee":false,"process_fee_as":"woo_fee"},"layout_option":"standard"},"fields":[[{"type":"select","required":true,"elementId":"wcpa-select-61ad1aac93ee1","label":"Tipo de Acabamento","priceOptions":"different_for_all","pricingType":"fixed","name":"select-61ad1aac93ee5","cl_rule":"show","col":6,"values":[{"label":"Brilho","value":"gloss","price":"","pimage":"","pimage_id":"","pthumb":"","gt_translate_keys":["label"]},{"label":"Fosco","value":"matte","price":"","pimage":"","pimage_id":"","pthumb":"","gt_translate_keys":["label"]}],"relations":false,"active":true,"tooltip":"Visite esta <b><a href=\"https:\/\/jm-graphics.com\/pt-pt\/perguntas-frequentes\/tipos-de-acabamentos\/\" target=\"_blank\">P\u00c1GINA<\/a><\/b> se tiver alguma d\u00favida sobre a sua escolha.","dropdown_type":"basic","error":false,"gt_translate_keys":["label","tooltip"],"price_dependency":false,"cl_dependency":false,"value":""}]]}},"config":{"price_override":"","enable_recaptcha":false,"bind_quantity":false,"quantity_bind_formula":false,"disp_summ_show_option_price":true,"disp_summ_show_product_price":true,"disp_summ_show_total_price":true,"disp_summ_show_fee":false,"disp_summ_show_discount":false,"summary_title":"","options_total_label":"Options Price","total_label":"Total","options_product_label":"Product Price","fee_label":"","discount_label":"Discount","has_price":true,"has_quantity_formula":false},"mc_unit":1,"tax_rate":1,"tax_rate_real":0.23,"discount":{"percentage":0,"fixed":0},"design":{"conf":{"LabelPosition":"above","DescPosition":"above","UploadField":"custom_1","QuantityFieldStyle":"custom_1"},"css":{"LeftLabelWidth":"120px"}},"formulas":[],"lookuptables":[],"clones":false,"cartKey":false}},"_links":{"self":[{"href":"https:\/\/jm-graphics.com\/pt-pt\/wp-json\/wp\/v2\/product\/44745","targetHints":{"allow":["GET"]}}],"collection":[{"href":"https:\/\/jm-graphics.com\/pt-pt\/wp-json\/wp\/v2\/product"}],"about":[{"href":"https:\/\/jm-graphics.com\/pt-pt\/wp-json\/wp\/v2\/types\/product"}],"wp:featuredmedia":[{"embeddable":true,"href":"https:\/\/jm-graphics.com\/pt-pt\/wp-json\/wp\/v2\/media\/44747"}],"wp:attachment":[{"href":"https:\/\/jm-graphics.com\/pt-pt\/wp-json\/wp\/v2\/media?parent=44745"}],"wp:term":[{"taxonomy":"product_brand","embeddable":true,"href":"https:\/\/jm-graphics.com\/pt-pt\/wp-json\/wp\/v2\/product_brand?post=44745"},{"taxonomy":"product_cat","embeddable":true,"href":"https:\/\/jm-graphics.com\/pt-pt\/wp-json\/wp\/v2\/product_cat?post=44745"},{"taxonomy":"product_tag","embeddable":true,"href":"https:\/\/jm-graphics.com\/pt-pt\/wp-json\/wp\/v2\/product_tag?post=44745"}],"curies":[{"name":"wp","href":"https:\/\/api.w.org\/{rel}","templated":true}]}}