{"id":41662,"date":"2024-06-17T16:11:29","date_gmt":"2024-06-17T16:11:30","guid":{"rendered":"https:\/\/jm-graphics.com\/?post_type=product&#038;p=41662"},"modified":"2025-06-07T20:51:37","modified_gmt":"2025-06-07T20:51:37","slug":"riskless-ultimate-specialized-mastermind-turbo-connect-unit-2022","status":"publish","type":"product","link":"https:\/\/jm-graphics.com\/pt-pt\/produto\/riskless-ultimate-specialized-mastermind-turbo-connect-unit-2022\/","title":{"rendered":"RISKLESS Ultimate &#8211; Specialized Mastermind Turbo Connect Unit 2022"},"content":{"rendered":"\n<p>A origem RISKLESS, onde tudo come\u00e7a, a prote\u00e7\u00e3o que n\u00e3o pode faltar a nenhum aficionado de bicicletas. Este kit consegue n\u00e3o s\u00f3 proteger desloca\u00e7\u00f5es citadinas, estrada e btt, como vai mais al\u00e9m garantindo a prote\u00e7\u00e3o das partes mais importante da sua bicicleta em terrenos mais t\u00e9cnicos.<\/p>\n<p>RISKLESS Premium n\u00e3o apenas define o padr\u00e3o, mas eleva-se majestosamente como o pin\u00e1culo supremo da evolu\u00e7\u00e3o em materiais de prote\u00e7\u00e3o dispon\u00edveis no mercado. Assim ter\u00e1 a prote\u00e7\u00e3o da sua bicicleta sempre no seu melhor estado com as caracter\u00edsticas auto regenerativas e de UV est\u00e1vel.<\/p>\n<p>Este material, por ser premium, encontra-se dispon\u00edvel em brilho e matte.<\/p>\n<h2><strong>CARACTER\u00cdSTICAS:<\/strong><\/h2>\n<p><strong>EXTREMAMENTE RESISTENTE | <\/strong>Feito em Poliuretano com 200micron de espessura, este ir\u00e1 proteger a tua bicicleta de grande parte dos riscos e impactos que a mesma tende a sofrer.<\/p>\n<p><strong>AUTO-REGENERATIVO | <\/strong>A maioria das pel\u00edculas tendem a ficar riscada com o uso. RISKLESS PREMIUM N\u00c3O! RISKLESS PREMIUM auto regenera-se com o tempo ou com a ajuda de calor, fazendo com que as pequenas marcas e riscos desapare\u00e7am, mantendo sempre o aspeto novo!<\/p>\n<p><strong>TRANSPAR\u00caNCIA | <\/strong>Sabemos o quanto gosta da sua bicicleta. Com a transpar\u00eancia das nossas pel\u00edculas, a beleza da sua bicicleta n\u00e3o ser\u00e1 afetada.<\/p>\n<p><strong>ELASTICIDADE | <\/strong>O material Standard \u00e9 bastante male\u00e1vel, pelo que a sua adapta\u00e7\u00e3o \u00e0s irregularidades das superf\u00edcies n\u00e3o ser\u00e1 um problema.<\/p>\n<p><strong>UV EST\u00c1VEL | <\/strong>RISKLESS PREMIUM n\u00e3o se deixa afetar pela radia\u00e7\u00e3o UV. N\u00e3o amarela, n\u00e3o racha, nem deixa manchas no seu quadro quando removido, principalmente em cores claras, vivas ou fluorescentes!<\/p>\n<p><strong>BRILHO VS FOSCO | <\/strong>Sendo material premium o cliente tem op\u00e7\u00e3o de escolher se pretende o mesmo em brilho, refletindo a sensa\u00e7\u00e3o de polidez e brilho ou ent\u00e3o em matte, um material mais suave, com cores menos saturadas devido \u00e0 difus\u00e3o da luz minimizando reflexos e brilhos.<\/p>\n<p><strong>F\u00c1CIL DE APLICAR | <\/strong>Com a ajuda de \u00e1gua, poder\u00e1 alcan\u00e7ar um resultado final perfeito, tal como um profissional. Veja o nosso v\u00eddeo de    <a style=\"color: #00a0e3;\" href=\"https:\/\/www.youtube.com\/watch?v=MzMDR5GQa7Y\" target=\"_blank\" rel=\"noopener\"><strong>Como aplicar pel\u00edculas de prote\u00e7\u00e3o RISKLESS Premium<\/strong><\/a><\/p>\n<h2><strong>ESPECIFICA\u00c7\u00d5ES T\u00c9CNICAS:<\/strong><\/h2>\n<ul>\n<li><strong>MATERIAL | <\/strong>PU<\/li>\n<li><strong>ESPESSURA | <\/strong>200 microns<\/li>\n<li><strong>ADESIVO | <\/strong>Copol\u00edmero Acr\u00edlico<\/li>\n<li><strong>RESIST\u00caNCIA \u00c0 TEMPERATURA | <\/strong>-30\u00b0C a 110\u00b0C<\/li>\n<li><strong>DURABILIDADE EXPECT\u00c1VEL | <\/strong>At\u00e9 8 anos<\/li>\n<\/ul>\n<p>    <!-- End of content --><\/p>\n\n","protected":false},"excerpt":{"rendered":"A origem RISKLESS, onde tudo come\u00e7a, a prote\u00e7\u00e3o que n\u00e3o pode faltar a nenhum aficionado de bicicletas. Este kit consegue n\u00e3o s\u00f3 proteger desloca\u00e7\u00f5es citadinas, estrada e btt, como vai mais al\u00e9m garantindo a prote\u00e7\u00e3o das partes mais importante da sua bicicleta em terrenos mais t\u00e9cnicos. RISKLESS Premium n\u00e3o apenas define o padr\u00e3o, mas eleva-se...","protected":false},"featured_media":41668,"template":"","meta":[],"product_brand":[],"product_cat":[288,255,2740,3146],"product_tag":[2053,2368,1434,2404,675,1624,2407,1431,1435,1430,2391,1432,641,654,924,2408],"class_list":{"0":"post-41662","1":"product","2":"type-product","3":"status-publish","4":"has-post-thumbnail","6":"product_cat-p-screen-pt-pt","7":"product_cat-protecao","8":"product_cat-rl-ulti-pt-pt","9":"product_cat-specialized-s-pt-pt","10":"product_tag-2022-pt-pt","11":"product_tag-autoregenerativo","12":"product_tag-bike-pt-pt","13":"product_tag-connect-pt-pt","14":"product_tag-ecra","15":"product_tag-ecra-pt-pt","16":"product_tag-mastermind-pt-pt","17":"product_tag-peliculas","18":"product_tag-premium-pt-pt","19":"product_tag-protecao","20":"product_tag-protector-pt-pt","21":"product_tag-riskless-pt-pt","22":"product_tag-specialized-pt-pt","23":"product_tag-turbo-pt-pt","24":"product_tag-ultimate-pt-pt","25":"product_tag-unit-pt-pt","26":"wcpa_has_options","28":"first","29":"instock","30":"taxable","31":"shipping-taxable","32":"purchasable","33":"product-type-variable"},"aioseo_notices":[],"wcpa_form_fields":{"wcpaData":{"product":{"product_price":4.5,"price_html":"<span class=\"from\">Desde: <\/span><span class=\"woocommerce-Price-amount amount\"><bdi>4,50&nbsp;<span class=\"woocommerce-Price-currencySymbol\">&euro;<\/span><\/bdi><\/span>","original_product_price":4.5,"price_including_tax":4.5,"price_excluding_tax":3.658537,"product_id":{"parent":41662,"variation":false},"is_variable":true,"stock_status":"instock","stock_quantity":null,"parent_sku":"","product_attributes":{"pa_kitqtd":{"is_variation":true,"values":[]}},"custom_fields":[],"is_taxable":true,"product_name":"RISKLESS Ultimate - Specialized Mastermind Turbo Connect Unit 2022","hasImage":false},"fields":{"sec_167f2d9e46da08":{"extra":{"key":"sec_167f2d9e46da08","section_id":"sec_167f2d9e46da08","name":"Default","status":1,"cl_rule":"show","enableCl":false,"relations":[],"toggle":true,"title_tag":"h3","show_title":false,"showPrice":"default","form_id":48959,"form_rules":{"exclude_from_discount":false,"fee_label":"Fee","disp_hide_options_price":false,"disp_show_section_price":false,"disp_show_field_price":true,"layout_option":"standard","pric_use_as_fee":false,"process_fee_as":"woo_fee"},"layout_option":"standard"},"fields":[[{"active":true,"col":6,"relations":false,"cl_rule":"show","enableCl":false,"price":"","enablePrice":false,"className":"","label_position":"default","desc_position":"default","type":"header","required":false,"elementId":"header_9687769071","label":"ULTIMATE Series","subtype":"h2","error":false,"enableDesign":true,"LabelColor":"#009ee3","gt_translate_keys":["label"],"price_dependency":false,"cl_dependency":false,"value":""}],[{"active":true,"col":6,"relations":false,"cl_rule":"show","enableCl":false,"price":"","enablePrice":false,"className":"","label_position":"default","desc_position":"default","type":"content","required":false,"elementId":"content_6880624226","label":"","name":"content_6880624226","contentType":"rich","value":"<p><strong>Diga adeus ao medo de riscar o ecr\u00e3, aconte\u00e7a o que acontecer!<\/strong> O Protetor de Ecr\u00e3 RISKLESS Ultimate oferece prote\u00e7\u00e3o imbat\u00edvel contra riscos, impactos, sujidade, suor e at\u00e9 qu\u00edmicos \u2014 mantendo o seu dispositivo impec\u00e1vel em qualquer ambiente. Desenvolvido para utiliza\u00e7\u00f5es intensivas, combina materiais auto-regenerativos, UV-est\u00e1veis, com moldes de precis\u00e3o quase invis\u00edveis, garantindo uma experi\u00eancia visual n\u00edtida e um toque fluido. A RISKLESS define o padr\u00e3o de durabilidade e inova\u00e7\u00e3o, para que possa usar o seu dispositivo com total confian\u00e7a, onde quer que esteja.&nbsp;<\/p>","error":false,"gt_translate_keys":["label","value"],"price_dependency":false,"cl_dependency":false}]]}},"config":{"price_override":"","enable_recaptcha":false,"bind_quantity":false,"quantity_bind_formula":false,"disp_summ_show_option_price":true,"disp_summ_show_product_price":true,"disp_summ_show_total_price":true,"disp_summ_show_fee":false,"disp_summ_show_discount":false,"summary_title":"","options_total_label":"Pre\u00e7o dos Extras","total_label":"Total","options_product_label":"Pre\u00e7o do Produto","fee_label":"Fee","discount_label":"Discount","has_price":true,"has_quantity_formula":false},"mc_unit":1,"tax_rate":1,"tax_rate_real":0.23,"discount":{"percentage":0,"fixed":0},"design":{"conf":{"LabelPosition":"above","DescPosition":"above","UploadField":"custom_1","QuantityFieldStyle":"custom_1"},"css":{"LeftLabelWidth":"120px"}},"formulas":[],"lookuptables":[],"clones":false,"cartKey":false}},"_links":{"self":[{"href":"https:\/\/jm-graphics.com\/pt-pt\/wp-json\/wp\/v2\/product\/41662","targetHints":{"allow":["GET"]}}],"collection":[{"href":"https:\/\/jm-graphics.com\/pt-pt\/wp-json\/wp\/v2\/product"}],"about":[{"href":"https:\/\/jm-graphics.com\/pt-pt\/wp-json\/wp\/v2\/types\/product"}],"wp:featuredmedia":[{"embeddable":true,"href":"https:\/\/jm-graphics.com\/pt-pt\/wp-json\/wp\/v2\/media\/41668"}],"wp:attachment":[{"href":"https:\/\/jm-graphics.com\/pt-pt\/wp-json\/wp\/v2\/media?parent=41662"}],"wp:term":[{"taxonomy":"product_brand","embeddable":true,"href":"https:\/\/jm-graphics.com\/pt-pt\/wp-json\/wp\/v2\/product_brand?post=41662"},{"taxonomy":"product_cat","embeddable":true,"href":"https:\/\/jm-graphics.com\/pt-pt\/wp-json\/wp\/v2\/product_cat?post=41662"},{"taxonomy":"product_tag","embeddable":true,"href":"https:\/\/jm-graphics.com\/pt-pt\/wp-json\/wp\/v2\/product_tag?post=41662"}],"curies":[{"name":"wp","href":"https:\/\/api.w.org\/{rel}","templated":true}]}}