{"id":41624,"date":"2024-06-17T15:10:40","date_gmt":"2024-06-17T15:26:51","guid":{"rendered":"https:\/\/jm-graphics.com\/product\/riskless-ultimate-screen-wahoo-elemnt-2016\/"},"modified":"2024-06-17T16:55:43","modified_gmt":"2024-06-17T16:55:43","slug":"riskless-ultimate-wahoo-elemnt-2016","status":"publish","type":"product","link":"https:\/\/jm-graphics.com\/pt-pt\/produto\/riskless-ultimate-wahoo-elemnt-2016\/","title":{"rendered":"RISKLESS Ultimate &#8211; Wahoo Elemnt 2016"},"content":{"rendered":"<p><strong>Diga adeus ao receio de riscar o seu dispositivo!<\/strong> Com o Protetor de Ecr\u00e3 RISKLESS Ultimate, pode usar o seu dispositivo sem preocupa\u00e7\u00f5es, quer esteja a usar luvas, a enfrentar lama, sujidade, suor ou produtos qu\u00edmicos &#8211; nem mesmo pequenas pedras ir\u00e3o danificar o ecr\u00e3!<\/p>\n<p>Desenvolvido para aqueles que usam intensivamente os seus dispositivos em condi\u00e7\u00f5es desafiantes, o Protetor de Ecr\u00e3 RISKLESS Ultimate oferece cobertura abrangente contra riscos, impactos e abras\u00f5es. Al\u00e9m disso, os nossos moldes s\u00e3o fabricados com tanta precis\u00e3o que simplesmente n\u00e3o conseguir\u00e1 distinguir se existe um protetor l\u00e1!<\/p>\n<p>O RISKLESS Premium n\u00e3o estabelece apenas o padr\u00e3o, mas tamb\u00e9m se destaca como o pin\u00e1culo da evolu\u00e7\u00e3o em materiais de prote\u00e7\u00e3o dispon\u00edveis no mercado. Com caracter\u00edsticas de autorregenera\u00e7\u00e3o e resist\u00eancia UV, garante que o seu dispositivo permanece protegido e em perfeitas condi\u00e7\u00f5es.<\/p>\n<h2><strong>CARACTER\u00cdSTICAS:<\/strong><\/h2>\n<p><strong>EXTREMAMENTE RESISTENTE |<\/strong> Feito de poliuretano com uma espessura de 200 microns, esta pel\u00edcula ir\u00e1 proteger o seu ecr\u00e3 contra a maioria dos riscos e impactos a que est\u00e1 sujeito.<\/p>\n<p><strong>AUTO-REGENERATIVO |<\/strong> Ao contr\u00e1rio da maioria das pel\u00edculas que se riscam facilmente com o uso, RISKLESS PREMIUM possui propriedades auto-regenerativas que ao longo do tempo ou com a aplica\u00e7\u00e3o de calor, elimina eficazmente imperfei\u00e7\u00f5es e riscos menores, garantindo que se mant\u00e9m como nova! N\u00e3o h\u00e1 necessidade de se preocupar com riscos de lama ou sujidade &#8211; eles desaparecem facilmente.<\/p>\n<p><strong>TRANSPAR\u00caNCIA |<\/strong> Todos conhecemos a frustra\u00e7\u00e3o de usar protetores de ecr\u00e3 comuns que dificultam a visibilidade do ecr\u00e3. Com a excepcional transpar\u00eancia das nossas pel\u00edculas, a visibilidade do seu ecr\u00e3 permanece intacta, garantindo gr\u00e1ficos n\u00edtidos em todos os momentos.<\/p>\n<p><strong>UV EST\u00c1VEL |<\/strong> Os nossos protetores de ecr\u00e3 s\u00e3o UV-Est\u00e1veis, o que significa que permanecem inalterados pela radia\u00e7\u00e3o UV. N\u00e3o amarelam, racham ou deixam manchas no seu dispositivo quando removidos.<\/p>\n<h2><strong>ESPECIFICA\u00c7\u00d5ES T\u00c9CNICAS:<\/strong><\/h2>\n<ul>\n<li><strong>MATERIAL |<\/strong> PU<\/li>\n<li><strong>ESPESSURA | <\/strong>200 microns<\/li>\n<li><strong>ACABAMENTO |<\/strong> Brilho<\/li>\n<li><strong>ADESIVO |<\/strong> Copol\u00edmero Acr\u00edlico<\/li>\n<li><strong>RESIST\u00caNCIA \u00c0 TEMPERATURA |<\/strong> -30\u00b0C a 110\u00b0C<\/li>\n<li><strong>DURABILIDADE EXPECT\u00c1VEL |<\/strong> At\u00e9 8 anos<\/li>\n<li><strong>TIPO DE APLICA\u00c7\u00c3O |<\/strong> H\u00famida<\/li>\n<\/ul>\n","protected":false},"excerpt":{"rendered":"<h5><strong>U L T I M A T E<\/strong> S E R I E S<\/h5>\n<p>O nosso Protetor de Ecr\u00e3 RISKLESS Ultimate mant\u00e9m o seu dispositivo impec\u00e1vel contra todas as adversidades. Praticamente invis\u00edvel, protege contra arranh\u00f5es e impactos, garantindo gr\u00e1ficos n\u00edtidos e uso sem preocupa\u00e7\u00f5es.<\/p>\n<h5>RIDE <strong>SAFE<\/strong> RIDE <strong>RISKLESS<\/strong><\/h5>\n","protected":false},"featured_media":41622,"template":"","meta":[],"product_brand":[],"product_cat":[288,255,2740],"product_tag":[1980,2368,1434,1624,1039,1431,1435,1430,2391,1432,924,1038],"class_list":{"0":"post-41624","1":"product","2":"type-product","3":"status-publish","4":"has-post-thumbnail","6":"product_cat-p-screen-pt-pt","7":"product_cat-protecao","8":"product_cat-rl-ulti-pt-pt","9":"product_tag-2016-pt-pt","10":"product_tag-autoregenerativo","11":"product_tag-bike-pt-pt","12":"product_tag-ecra-pt-pt","13":"product_tag-elemnt-pt-pt","14":"product_tag-peliculas","15":"product_tag-premium-pt-pt","16":"product_tag-protecao","17":"product_tag-protector-pt-pt","18":"product_tag-riskless-pt-pt","19":"product_tag-ultimate-pt-pt","20":"product_tag-wahoo-pt-pt","21":"product_shipping_class-grande","23":"first","24":"instock","25":"taxable","26":"shipping-taxable","27":"purchasable","28":"product-type-variable"},"aioseo_notices":[],"wcpa_form_fields":null,"_links":{"self":[{"href":"https:\/\/jm-graphics.com\/pt-pt\/wp-json\/wp\/v2\/product\/41624","targetHints":{"allow":["GET"]}}],"collection":[{"href":"https:\/\/jm-graphics.com\/pt-pt\/wp-json\/wp\/v2\/product"}],"about":[{"href":"https:\/\/jm-graphics.com\/pt-pt\/wp-json\/wp\/v2\/types\/product"}],"wp:featuredmedia":[{"embeddable":true,"href":"https:\/\/jm-graphics.com\/pt-pt\/wp-json\/wp\/v2\/media\/41622"}],"wp:attachment":[{"href":"https:\/\/jm-graphics.com\/pt-pt\/wp-json\/wp\/v2\/media?parent=41624"}],"wp:term":[{"taxonomy":"product_brand","embeddable":true,"href":"https:\/\/jm-graphics.com\/pt-pt\/wp-json\/wp\/v2\/product_brand?post=41624"},{"taxonomy":"product_cat","embeddable":true,"href":"https:\/\/jm-graphics.com\/pt-pt\/wp-json\/wp\/v2\/product_cat?post=41624"},{"taxonomy":"product_tag","embeddable":true,"href":"https:\/\/jm-graphics.com\/pt-pt\/wp-json\/wp\/v2\/product_tag?post=41624"}],"curies":[{"name":"wp","href":"https:\/\/api.w.org\/{rel}","templated":true}]}}