{"id":41277,"date":"2024-06-02T13:45:13","date_gmt":"2024-06-02T13:45:14","guid":{"rendered":"https:\/\/jm-graphics.com\/?post_type=product&#038;p=41277"},"modified":"2025-01-05T17:02:56","modified_gmt":"2025-01-05T17:02:56","slug":"riskless-universal-friction-protector-standard","status":"publish","type":"product","link":"https:\/\/jm-graphics.com\/pt-pt\/produto\/riskless-universal-friction-protector-standard\/","title":{"rendered":"RISKLESS Universal &#8211; Friction Protector &#8211; Standard"},"content":{"rendered":"<p>Cansado de ver os cabos a danificar a pintura da sua bicicleta? O FRICTION PROTECTOR foi criado para proteger a sua bicicleta da abras\u00e3o dos cabos. Este kit oferece uma variedade de formatos e medidas para que nunca mais se preocupe com o estado da pintura do seu quadro, de uma forma econ\u00f3mica e f\u00e1cil de aplicar.<\/p>\n<h2><strong>CARACTER\u00cdSTICAS:<\/strong><\/h2>\n<p><strong>RESIST\u00caNCIA | <\/strong>Feito em PVC com 150micron de espessura, o nosso kit consegue proteger a sua bicicleta de riscos e impactos.<\/p>\n<p><strong>TRANSPAR\u00caNCIA | <\/strong>Sabemos o quanto gosta da sua bicicleta. Com a transpar\u00eancia das nossas pel\u00edculas, a beleza da sua bicicleta n\u00e3o ser\u00e1 afetada.<\/p>\n<p><strong>ELASTICIDADE | <\/strong>O material Standard \u00e9 bastante male\u00e1vel, pelo que a sua adapta\u00e7\u00e3o \u00e0s irregularidades das superf\u00edcies n\u00e3o ser\u00e1 um problema.<\/p>\n<h2><strong>ESPECIFICA\u00c7\u00d5ES T\u00c9CNICAS:<\/strong><\/h2>\n<ul>\n<li><strong>MATERIAL |<\/strong> PVC<\/li>\n<li><strong>ESPESSURA |<\/strong> 150 microns<\/li>\n<li><strong>ADESIVO |<\/strong> Solvente de Poliacrilato<\/li>\n<li><strong>RESIST\u00caNCIA \u00c0 TEMPERATURA |<\/strong> -20\u00b0C a 100\u00b0C<\/li>\n<li><strong>DURABILIDADE EXPECT\u00c1VEL |<\/strong> At\u00e9 3 anos<\/li>\n<li><strong>USO RECOMENDADO |<\/strong> Citadino, Estrada, Gravel, Cross Country e Trail<\/li>\n<\/ul>\n<h2><strong>KIT INCLUI<\/strong><\/h2>\n<ul>\n<li><strong>ESCORA INFERIOR |<\/strong> 15,5 x 2 cm<\/li>\n<li><strong>CABOS |<\/strong> 3,7 x 1 cm (4x) + 2,5 x 2,5 cm (2x) + 2 x 2 cm (4x) + 1,5 x 1,5 cm (3x)<\/li>\n<li><strong>EXTRAS |<\/strong> 5,1 x 3,2 cm (2x)<\/li>\n<\/ul>\n","protected":false},"excerpt":{"rendered":"<h5><strong>U N I V E R S A L<\/strong> S E R I E S<\/h5>\n<p>Proteja a pintura da sua bicicleta da abras\u00e3o dos cabos com o FRICTION PROTECTOR. F\u00e1cil de aplicar e econ\u00f3mico!<\/p>\n<h5>RIDE <strong>SAFE<\/strong> RIDE <strong>RISKLESS<\/strong><\/h5>\n","protected":false},"featured_media":41281,"template":"","meta":[],"product_brand":[],"product_cat":[255,519,2738,521],"product_tag":[1434,2386,2385,2384,1431,1430,625,1432,2376,1448],"class_list":{"0":"post-41277","1":"product","2":"type-product","3":"status-publish","4":"has-post-thumbnail","6":"product_cat-protecao","7":"product_cat-p-frame-pt-pt","8":"product_cat-rl-univ-pt-pt","9":"product_cat-p-misc-pt-pt","10":"product_tag-bike-pt-pt","11":"product_tag-cablerub-pt-pt","12":"product_tag-cabos","13":"product_tag-friccao","14":"product_tag-peliculas","15":"product_tag-protecao","16":"product_tag-quadro","17":"product_tag-riskless-pt-pt","18":"product_tag-standard-pt-pt","19":"product_tag-universal-pt-pt","20":"product_shipping_class-pequeno","22":"first","23":"instock","24":"taxable","25":"shipping-taxable","26":"purchasable","27":"product-type-simple"},"aioseo_notices":[],"wcpa_form_fields":null,"_links":{"self":[{"href":"https:\/\/jm-graphics.com\/pt-pt\/wp-json\/wp\/v2\/product\/41277","targetHints":{"allow":["GET"]}}],"collection":[{"href":"https:\/\/jm-graphics.com\/pt-pt\/wp-json\/wp\/v2\/product"}],"about":[{"href":"https:\/\/jm-graphics.com\/pt-pt\/wp-json\/wp\/v2\/types\/product"}],"wp:featuredmedia":[{"embeddable":true,"href":"https:\/\/jm-graphics.com\/pt-pt\/wp-json\/wp\/v2\/media\/41281"}],"wp:attachment":[{"href":"https:\/\/jm-graphics.com\/pt-pt\/wp-json\/wp\/v2\/media?parent=41277"}],"wp:term":[{"taxonomy":"product_brand","embeddable":true,"href":"https:\/\/jm-graphics.com\/pt-pt\/wp-json\/wp\/v2\/product_brand?post=41277"},{"taxonomy":"product_cat","embeddable":true,"href":"https:\/\/jm-graphics.com\/pt-pt\/wp-json\/wp\/v2\/product_cat?post=41277"},{"taxonomy":"product_tag","embeddable":true,"href":"https:\/\/jm-graphics.com\/pt-pt\/wp-json\/wp\/v2\/product_tag?post=41277"}],"curies":[{"name":"wp","href":"https:\/\/api.w.org\/{rel}","templated":true}]}}