{"id":41228,"date":"2024-06-02T11:09:17","date_gmt":"2024-06-02T11:09:18","guid":{"rendered":"https:\/\/jm-graphics.com\/?post_type=product&#038;p=41228"},"modified":"2025-01-05T17:03:01","modified_gmt":"2025-01-05T17:03:01","slug":"riskless-universal-uncut-sheet-standard","status":"publish","type":"product","link":"https:\/\/jm-graphics.com\/pt-pt\/produto\/riskless-universal-uncut-sheet-standard\/","title":{"rendered":"RISKLESS Universal &#8211; Uncut Sheet &#8211; Standard"},"content":{"rendered":"<p>Os nossos moldes pr\u00e9-cortados n\u00e3o satisfazem as suas necessidades? Prefere cortar a pel\u00edcula ao seu gosto? N\u00e3o h\u00e1 problema! Com a UNCUT SHEET, pode cortar e adaptar a pel\u00edcula ao tamanho e formato desejado. Enviamos a folha completa com o nosso material STANDARD, mantendo a qualidade, transpar\u00eancia, elasticidade e facilidade de aplica\u00e7\u00e3o de todos os nossos produtos.<\/p>\n<h2><strong>CARACTER\u00cdSTICAS:<\/strong><\/h2>\n<p><strong>RESIST\u00caNCIA | <\/strong>Feito em PVC com 150micron de espessura, o nosso kit consegue proteger a sua bicicleta de riscos e impactos.<\/p>\n<p><strong>TRANSPAR\u00caNCIA | <\/strong>Sabemos o quanto gosta da sua bicicleta. Com a transpar\u00eancia das nossas pel\u00edculas, a beleza da sua bicicleta n\u00e3o ser\u00e1 afetada.<\/p>\n<p><strong>ELASTICIDADE | <\/strong>O material Standard \u00e9 bastante male\u00e1vel, pelo que a sua adapta\u00e7\u00e3o \u00e0s irregularidades das superf\u00edcies n\u00e3o ser\u00e1 um problema.<\/p>\n<h2><strong>ESPECIFICA\u00c7\u00d5ES T\u00c9CNICAS:<\/strong><\/h2>\n<ul>\n<li><strong>MATERIAL |<\/strong> PVC<\/li>\n<li><strong>ESPESSURA |<\/strong> 150 microns<\/li>\n<li><strong>ADESIVO |<\/strong> Solvente de Poliacrilato<\/li>\n<li><strong>RESIST\u00caNCIA \u00c0 TEMPERATURA |<\/strong> -20\u00b0C a 100\u00b0C<\/li>\n<li><strong>DURABILIDADE EXPECT\u00c1VEL |<\/strong> At\u00e9 3 anos<\/li>\n<li><strong>USO RECOMENDADO |<\/strong> Citadino, Estrada, Gravel, Cross Country e Trail<\/li>\n<\/ul>\n<h2><strong>KIT INCLUI<\/strong><\/h2>\n<ul>\n<li><strong>FOLHA |<\/strong> 60 x 24 cm<\/li>\n<\/ul>\n","protected":false},"excerpt":{"rendered":"<h5><strong>U N I V E R S A L<\/strong> S E R I E S<\/h5>\n<p>Corte \u00e0 medida das suas necessidades com UNCUT SHEET. Feito de PVC dur\u00e1vel e transparente de 150 microns, oferece prote\u00e7\u00e3o flex\u00edvel e f\u00e1cil de aplicar contra riscos e impactos.<\/p>\n<h5>RIDE <strong>SAFE<\/strong> RIDE <strong>RISKLESS<\/strong><\/h5>\n","protected":false},"featured_media":41234,"template":"","meta":[],"product_brand":[],"product_cat":[255,519,2738,521],"product_tag":[1434,1431,1430,625,1432,2380,2376,636,2379,1448],"class_list":{"0":"post-41228","1":"product","2":"type-product","3":"status-publish","4":"has-post-thumbnail","6":"product_cat-protecao","7":"product_cat-p-frame-pt-pt","8":"product_cat-rl-univ-pt-pt","9":"product_cat-p-misc-pt-pt","10":"product_tag-bike-pt-pt","11":"product_tag-peliculas","12":"product_tag-protecao","13":"product_tag-quadro","14":"product_tag-riskless-pt-pt","15":"product_tag-sheet-pt-pt","16":"product_tag-standard-pt-pt","17":"product_tag-suspensao","18":"product_tag-uncut-pt-pt","19":"product_tag-universal-pt-pt","20":"product_shipping_class-grande","22":"first","23":"instock","24":"taxable","25":"shipping-taxable","26":"purchasable","27":"product-type-variable"},"aioseo_notices":[],"wcpa_form_fields":null,"_links":{"self":[{"href":"https:\/\/jm-graphics.com\/pt-pt\/wp-json\/wp\/v2\/product\/41228","targetHints":{"allow":["GET"]}}],"collection":[{"href":"https:\/\/jm-graphics.com\/pt-pt\/wp-json\/wp\/v2\/product"}],"about":[{"href":"https:\/\/jm-graphics.com\/pt-pt\/wp-json\/wp\/v2\/types\/product"}],"wp:featuredmedia":[{"embeddable":true,"href":"https:\/\/jm-graphics.com\/pt-pt\/wp-json\/wp\/v2\/media\/41234"}],"wp:attachment":[{"href":"https:\/\/jm-graphics.com\/pt-pt\/wp-json\/wp\/v2\/media?parent=41228"}],"wp:term":[{"taxonomy":"product_brand","embeddable":true,"href":"https:\/\/jm-graphics.com\/pt-pt\/wp-json\/wp\/v2\/product_brand?post=41228"},{"taxonomy":"product_cat","embeddable":true,"href":"https:\/\/jm-graphics.com\/pt-pt\/wp-json\/wp\/v2\/product_cat?post=41228"},{"taxonomy":"product_tag","embeddable":true,"href":"https:\/\/jm-graphics.com\/pt-pt\/wp-json\/wp\/v2\/product_tag?post=41228"}],"curies":[{"name":"wp","href":"https:\/\/api.w.org\/{rel}","templated":true}]}}