{"id":41120,"date":"2024-06-01T16:34:21","date_gmt":"2024-06-01T16:34:28","guid":{"rendered":"https:\/\/jm-graphics.com\/?post_type=product&#038;p=41120"},"modified":"2025-03-21T10:47:33","modified_gmt":"2025-03-21T10:47:33","slug":"riskless-universal-frame-fork-extended-protector-premium","status":"publish","type":"product","link":"https:\/\/jm-graphics.com\/pt-pt\/produto\/riskless-universal-frame-fork-extended-protector-premium\/","title":{"rendered":"RISKLESS Universal &#8211; Frame &amp; Fork Extended Protector &#8211; Premium"},"content":{"rendered":"<p>Prote\u00e7\u00e3o perfeita para o uso da sua bicicleta em atividades mais t\u00e9cnicas e de terrenos mais irregulares visto abranger uma maior \u00e1rea.<\/p>\n<p>Este kit \u00e9 perfeito para quem vai mais al\u00e9m e faz da bicicleta um uso intensivo protege n\u00e3o so as partes importantes da mesma como consegue abranger tamb\u00e9m zonas que o utilizador mais agressivo tende a danificar.<\/p>\n<p>RISKLESS Premium n\u00e3o apenas define o padr\u00e3o, mas eleva-se majestosamente como o pin\u00e1culo supremo da evolu\u00e7\u00e3o em materiais de prote\u00e7\u00e3o dispon\u00edveis no mercado. Assim ter\u00e1 a prote\u00e7\u00e3o da sua bicicleta sempre no seu melhor estado com as caracter\u00edsticas auto regenerativas e de UV est\u00e1vel.<\/p>\n<p>Este material, por ser premium, encontra-se dispon\u00edvel em brilho e matte.<\/p>\n<h2><strong>CARACTER\u00cdSTICAS:<\/strong><\/h2>\n<p><strong>EXTREMAMENTE RESISTENTE |<\/strong> Feito em Poliuretano com 200micron de espessura, este ir\u00e1 proteger a tua bicicleta de grande parte dos riscos e impactos que a mesma tende a sofrer.<\/p>\n<p><strong>AUTO-REGENERATIVO |<\/strong> A maioria das pel\u00edculas tendem a ficar riscada com o uso. RISKLESS PREMIUM N\u00c3O! RISKLESS PREMIUM auto regenera-se com o tempo ou com a ajuda de calor, fazendo com que as pequenas marcas e riscos desapare\u00e7am, mantendo sempre o aspeto novo!<\/p>\n<p><strong>TRANSPAR\u00caNCIA |<\/strong> Sabemos o quanto gosta da sua bicicleta. Com a transpar\u00eancia das nossas peliculas, a beleza da sua bicicleta n\u00e3o ser\u00e1 afetada.<\/p>\n<p><strong>ELASTICIDADE |<\/strong> O material Standard \u00e9 bastante male\u00e1vel, pelo que a sua adapta\u00e7\u00e3o \u00e0s irregularidades das superf\u00edcies n\u00e3o ser\u00e1 um problema.<\/p>\n<p><strong>UV EST\u00c1VEL |<\/strong> RISKLESS PREMIUM n\u00e3o se deixa afetar pela radia\u00e7\u00e3o UV. N\u00e3o amarela, n\u00e3o racha, nem deixa manchas no seu quadro quando removido, principalmente em cores claras, vivas ou fluorescentes!<\/p>\n<p><strong>BRILHO VS FOSCO |<\/strong> Sendo material premium o cliente tem op\u00e7\u00e3o de escolher se pretende o mesmo em brilho, refletindo a sensa\u00e7\u00e3o de polidez e brilho ou ent\u00e3o em matte, um material mais suave, com cores menos saturadas devido \u00e0 difus\u00e3o da luz minimizando reflexos e brilhos.<\/p>\n<h2><strong>ESPECIFICA\u00c7\u00d5ES T\u00c9CNICAS:<\/strong><\/h2>\n<ul>\n<li><strong>MATERIAL |<\/strong> PU<\/li>\n<li><strong>ESPESSURA | <\/strong>200 microns<\/li>\n<li><strong>ADESIVO |<\/strong> Copol\u00edmero Acr\u00edlico<\/li>\n<li><strong>RESIST\u00caNCIA \u00c0 TEMPERATURA |<\/strong> -30\u00b0C a 110\u00b0C<\/li>\n<li><strong>DURABILIDADE EXPECT\u00c1VEL |<\/strong> At\u00e9 8 anos<\/li>\n<li><strong>USO RECOMENDADO |<\/strong> Citadino, Estrada, Gravel, Cross Country, Trail e Enduro<\/li>\n<\/ul>\n<h2><strong>KIT INCLUI:<\/strong><\/h2>\n<ul>\n<li><strong>TUBO INFERIOR |<\/strong> 58,8 x (11-10) cm<\/li>\n<li><strong>TUBO SUPERIOR |<\/strong> 52,9 x (9-8) cm<\/li>\n<li><strong>TUBO INFERIOR GRADE DE BIDON |<\/strong> 7,8 x 5,6 cm<\/li>\n<li><strong>TUBO DE SELIM |<\/strong> 33,6 x 4 cm<\/li>\n<li><strong>SUSPENS\u00c3O |<\/strong> 29,2 x 5,7 cm (2x)<\/li>\n<li><strong>ESCORAS SUPERIORES |<\/strong> 29,2 x (2,9-2,1) cm (2x)<\/li>\n<li><strong>ESCORAS INFERIORES |<\/strong> 29,2 x (3,8-3,3) cm (2x)<\/li>\n<li><strong>ESCORAS SUPERIORES (INTERIOR) |<\/strong> 6,9 x 1,4 cm (2x)<\/li>\n<li><strong>ESCORAS INFERIORES (INTERIOR) |<\/strong> 6,9 x 2,4 cm (2x)<\/li>\n<li><strong>CABOS |<\/strong> 3,5 x 1,2 cm (2x)<\/li>\n<li><strong>EXTRAS |<\/strong> 10,5 x 4 cm<\/li>\n<\/ul>\n","protected":false},"excerpt":{"rendered":"<h5><strong>U N I V E R S A L<\/strong> S E R I E S<\/h5>\n<p>Experimente a prote\u00e7\u00e3o m\u00e1xima universal para a sua bicicleta com RISKLESS O nosso kit premium oferece uma pel\u00edcula auto-regenerativa e UV-est\u00e1vel, dispon\u00edvel em acabamentos brilho e fosco, garantindo que a sua bicicleta se mantenha em perfeito estado em qualquer terreno.<\/p>\n<h5>RIDE <strong>SAFE<\/strong> RIDE <strong>RISKLESS<\/strong><\/h5>\n<div id=\"gtx-trans\" style=\"position: absolute; left: -37px; top: 83.9375px;\">\n<div class=\"gtx-trans-icon\"><\/div>\n<\/div>\n","protected":false},"featured_media":41124,"template":"","meta":[],"product_brand":[],"product_cat":[255,519,2738],"product_tag":[2368,1434,2370,1431,1435,1430,2791,1432,636,1448],"class_list":{"0":"post-41120","1":"product","2":"type-product","3":"status-publish","4":"has-post-thumbnail","6":"product_cat-protecao","7":"product_cat-p-frame-pt-pt","8":"product_cat-rl-univ-pt-pt","9":"product_tag-autoregenerativo","10":"product_tag-bike-pt-pt","11":"product_tag-extended-pt-pt","12":"product_tag-peliculas","13":"product_tag-premium-pt-pt","14":"product_tag-protecao","15":"product_tag-frame-pt-pt","16":"product_tag-riskless-pt-pt","17":"product_tag-suspensao","18":"product_tag-universal-pt-pt","19":"product_shipping_class-grande","21":"first","22":"instock","23":"taxable","24":"shipping-taxable","25":"purchasable","26":"product-type-variable"},"aioseo_notices":[],"wcpa_form_fields":null,"_links":{"self":[{"href":"https:\/\/jm-graphics.com\/pt-pt\/wp-json\/wp\/v2\/product\/41120","targetHints":{"allow":["GET"]}}],"collection":[{"href":"https:\/\/jm-graphics.com\/pt-pt\/wp-json\/wp\/v2\/product"}],"about":[{"href":"https:\/\/jm-graphics.com\/pt-pt\/wp-json\/wp\/v2\/types\/product"}],"wp:featuredmedia":[{"embeddable":true,"href":"https:\/\/jm-graphics.com\/pt-pt\/wp-json\/wp\/v2\/media\/41124"}],"wp:attachment":[{"href":"https:\/\/jm-graphics.com\/pt-pt\/wp-json\/wp\/v2\/media?parent=41120"}],"wp:term":[{"taxonomy":"product_brand","embeddable":true,"href":"https:\/\/jm-graphics.com\/pt-pt\/wp-json\/wp\/v2\/product_brand?post=41120"},{"taxonomy":"product_cat","embeddable":true,"href":"https:\/\/jm-graphics.com\/pt-pt\/wp-json\/wp\/v2\/product_cat?post=41120"},{"taxonomy":"product_tag","embeddable":true,"href":"https:\/\/jm-graphics.com\/pt-pt\/wp-json\/wp\/v2\/product_tag?post=41120"}],"curies":[{"name":"wp","href":"https:\/\/api.w.org\/{rel}","templated":true}]}}