{"id":41062,"date":"2024-05-30T19:57:12","date_gmt":"2024-05-30T19:57:15","guid":{"rendered":"https:\/\/jm-graphics.com\/?post_type=product&#038;p=41062"},"modified":"2025-01-05T17:03:41","modified_gmt":"2025-01-05T17:03:41","slug":"riskless-universal-frame-fork-protector-premium","status":"publish","type":"product","link":"https:\/\/jm-graphics.com\/pt-pt\/produto\/riskless-universal-frame-fork-protector-premium\/","title":{"rendered":"RISKLESS Universal &#8211; Frame &amp; Fork Protector &#8211; Premium"},"content":{"rendered":"<p>A origem RISKLESS, onde tudo come\u00e7a, a prote\u00e7\u00e3o que n\u00e3o pode faltar a nenhum aficionado de bicicletas. Este kit consegue n\u00e3o s\u00f3 proteger desloca\u00e7\u00f5es citadinas, estrada e btt, como vai mais al\u00e9m garantindo a prote\u00e7\u00e3o das partes mais importante da sua bicicleta em terrenos mais t\u00e9cnicos.<\/p>\n<p>RISKLESS Premium n\u00e3o apenas define o padr\u00e3o, mas eleva-se majestosamente como o pin\u00e1culo supremo da evolu\u00e7\u00e3o em materiais de prote\u00e7\u00e3o dispon\u00edveis no mercado. Assim ter\u00e1 a prote\u00e7\u00e3o da sua bicicleta sempre no seu melhor estado com as caracter\u00edsticas auto regenerativas e de UV est\u00e1vel.<\/p>\n<p>Este material, por ser premium, encontra-se dispon\u00edvel em brilho e matte.<\/p>\n<h2><strong>CARACTER\u00cdSTICAS:<\/strong><\/h2>\n<p><strong>EXTREMAMENTE RESISTENTE |<\/strong> Feito em Poliuretano com 200micron de espessura, este ir\u00e1 proteger a tua bicicleta de grande parte dos riscos e impactos que a mesma tende a sofrer.<\/p>\n<p><strong>AUTO-REGENERATIVO |<\/strong> A maioria das pel\u00edculas tendem a ficar riscada com o uso. RISKLESS PREMIUM N\u00c3O! RISKLESS PREMIUM auto regenera-se com o tempo ou com a ajuda de calor, fazendo com que as pequenas marcas e riscos desapare\u00e7am, mantendo sempre o aspeto novo!<\/p>\n<p><strong>TRANSPAR\u00caNCIA |<\/strong> Sabemos o quanto gosta da sua bicicleta. Com a transpar\u00eancia das nossas peliculas, a beleza da sua bicicleta n\u00e3o ser\u00e1 afetada.<\/p>\n<p><strong>ELASTICIDADE |<\/strong> O material Standard \u00e9 bastante male\u00e1vel, pelo que a sua adapta\u00e7\u00e3o \u00e0s irregularidades das superf\u00edcies n\u00e3o ser\u00e1 um problema.<\/p>\n<p><strong>UV EST\u00c1VEL |<\/strong> RISKLESS PREMIUM n\u00e3o se deixa afetar pela radia\u00e7\u00e3o UV. N\u00e3o amarela, n\u00e3o racha, nem deixa manchas no seu quadro quando removido, principalmente em cores claras, vivas ou fluorescentes!<\/p>\n<p><strong>BRILHO VS FOSCO | <\/strong>Sendo material premium o cliente tem op\u00e7\u00e3o de escolher se pretende o mesmo em brilho, refletindo a sensa\u00e7\u00e3o de polidez e brilho ou ent\u00e3o em matte, um material mais suave, com cores menos saturadas devido \u00e0 difus\u00e3o da luz minimizando reflexos e brilhos.<\/p>\n<h2><strong>ESPECIFICA\u00c7\u00d5ES T\u00c9CNICAS:<\/strong><\/h2>\n<ul>\n<li><strong>MATERIAL | <\/strong> PU<\/li>\n<li><strong>ESPESSURA | <\/strong>200 microns<\/li>\n<li><strong>ADESIVO |<\/strong> Copol\u00edmero Acr\u00edlico<\/li>\n<li><strong>RESIST\u00caNCIA \u00c0 TEMPERATURA |<\/strong> -30\u00b0C a 110\u00b0C<\/li>\n<li><strong>DURABILIDADE EXPECT\u00c1VEL |<\/strong> At\u00e9 8 anos<\/li>\n<li><strong>USO RECOMENDADO |<\/strong> Citadino, Estrada, Gravel e Cross Country<\/li>\n<\/ul>\n<h2><strong>KIT INCLUI<\/strong><\/h2>\n<ul>\n<li><strong>TUBO INFERIOR |<\/strong> 54.6 x (7.5-6.5) cm<\/li>\n<li><strong>TUBO SUPERIOR |<\/strong> 49.6 x (6.5-5.5) cm<\/li>\n<li><strong>TUBO GRADE DE BIDON |<\/strong> 8.9 x 4.8 cm + 6.7 x 4 cm<\/li>\n<li><strong>SUSPENS\u00c3O |<\/strong> 29.3 x 4.5 cm (2x)<\/li>\n<li><strong>ESCORAS SUPERIORES |<\/strong> 29.2 x (2.5-1.6) cm (2x)<\/li>\n<li><strong>ESCORAS INFERIORES |<\/strong> 29.2 x (2.7-2.4) cm (2x)<\/li>\n<li><strong>CABOS |<\/strong> 4.3 x 1.5 cm (2x) + 3.4 x 1 cm (2x)<\/li>\n<\/ul>\n","protected":false},"excerpt":{"rendered":"<h5><strong>U N I V E R S A L<\/strong> S E R I E S<\/h5>\n<p>Experimente a prote\u00e7\u00e3o m\u00e1xima para a sua bicicleta com RISKLESS. O nosso kit premium oferece uma pel\u00edcula auto-regenerativa e UV-est\u00e1vel, dispon\u00edvel em acabamentos brilho e fosco, garantindo que a sua bicicleta se mantenha em perfeito estado em qualquer terreno.<\/p>\n<h5>RIDE <strong>SAFE<\/strong> RIDE <strong>RISKLESS<\/strong><\/h5>\n<div id=\"gtx-trans\" style=\"position: absolute; left: -37px; top: 83.9375px;\">\n<div class=\"gtx-trans-icon\"><\/div>\n<\/div>\n","protected":false},"featured_media":41075,"template":"","meta":[],"product_brand":[],"product_cat":[255,519,2738],"product_tag":[2368,1434,1431,1435,1430,625,1432,636,1448],"class_list":{"0":"post-41062","1":"product","2":"type-product","3":"status-publish","4":"has-post-thumbnail","6":"product_cat-protecao","7":"product_cat-p-frame-pt-pt","8":"product_cat-rl-univ-pt-pt","9":"product_tag-autoregenerativo","10":"product_tag-bike-pt-pt","11":"product_tag-peliculas","12":"product_tag-premium-pt-pt","13":"product_tag-protecao","14":"product_tag-quadro","15":"product_tag-riskless-pt-pt","16":"product_tag-suspensao","17":"product_tag-universal-pt-pt","18":"product_shipping_class-grande","20":"first","21":"instock","22":"taxable","23":"shipping-taxable","24":"purchasable","25":"product-type-variable"},"aioseo_notices":[],"wcpa_form_fields":null,"_links":{"self":[{"href":"https:\/\/jm-graphics.com\/pt-pt\/wp-json\/wp\/v2\/product\/41062","targetHints":{"allow":["GET"]}}],"collection":[{"href":"https:\/\/jm-graphics.com\/pt-pt\/wp-json\/wp\/v2\/product"}],"about":[{"href":"https:\/\/jm-graphics.com\/pt-pt\/wp-json\/wp\/v2\/types\/product"}],"wp:featuredmedia":[{"embeddable":true,"href":"https:\/\/jm-graphics.com\/pt-pt\/wp-json\/wp\/v2\/media\/41075"}],"wp:attachment":[{"href":"https:\/\/jm-graphics.com\/pt-pt\/wp-json\/wp\/v2\/media?parent=41062"}],"wp:term":[{"taxonomy":"product_brand","embeddable":true,"href":"https:\/\/jm-graphics.com\/pt-pt\/wp-json\/wp\/v2\/product_brand?post=41062"},{"taxonomy":"product_cat","embeddable":true,"href":"https:\/\/jm-graphics.com\/pt-pt\/wp-json\/wp\/v2\/product_cat?post=41062"},{"taxonomy":"product_tag","embeddable":true,"href":"https:\/\/jm-graphics.com\/pt-pt\/wp-json\/wp\/v2\/product_tag?post=41062"}],"curies":[{"name":"wp","href":"https:\/\/api.w.org\/{rel}","templated":true}]}}