{"id":5545,"date":"2020-04-12T18:19:08","date_gmt":"2020-04-12T18:19:08","guid":{"rendered":"https:\/\/jm-graphics.com\/a-nossa-historia\/"},"modified":"2024-12-28T10:52:18","modified_gmt":"2024-12-28T10:52:18","slug":"a-nossa-historia","status":"publish","type":"page","link":"https:\/\/jm-graphics.com\/pt-pt\/a-nossa-historia\/","title":{"rendered":"A Nossa Hist\u00f3ria"},"content":{"rendered":"<p>[vc_row css=&#8221;.vc_custom_1586701877490{margin-top: 3% !important;margin-bottom: 7% !important;padding-top: 3% !important;padding-bottom: 3% !important;background-color: #ffffff !important;}&#8221; el_class=&#8221;ourteam&#8221;][vc_column][vc_row_inner css=&#8221;.vc_custom_1545657471640{margin-top: -2% !important;background-position: center !important;background-repeat: no-repeat !important;background-size: contain !important;}&#8221;][vc_column_inner][vc_images_carousel images=&#8221;5506,45962,5524,5520,45974,5522,5516,45967,45969,45971&#8243; img_size=&#8221;full&#8221; speed=&#8221;10000&#8243; slides_per_view=&#8221;4&#8243; autoplay=&#8221;yes&#8221; hide_pagination_control=&#8221;yes&#8221; wrap=&#8221;yes&#8221; css=&#8221;.vc_custom_1735140012681{margin-top: 3% !important;margin-right: 6% !important;margin-bottom: 3% !important;margin-left: 6% !important;background-position: center !important;background-repeat: no-repeat !important;background-size: contain !important;}&#8221;][vc_column_text css=&#8221;.vc_custom_1735140122121{margin-top: 2% !important;margin-right: 6% !important;margin-bottom: 2% !important;margin-left: 6% !important;}&#8221;]Tudo come\u00e7ou em 2013, quando comecei a desenhar gr\u00e1ficos para a minha bicicleta, pois n\u00e3o conseguia encontrar nada semelhante em lado nenhum. Alguns amigos gostaram e come\u00e7aram a pedir-me para fazer autocolantes para as suas bicicletas tamb\u00e9m. Foi ent\u00e3o que percebi que havia uma lacuna no mercado para autocolantes de alta qualidade a um pre\u00e7o justo, combinados com um excelente atendimento ao cliente. Em 2016, criei uma pequena p\u00e1gina no Facebook para vender os meus autocolantes. O que come\u00e7ou como algumas horas por dia, enquanto estava a estudar Engenharia Eletrot\u00e9cnica, rapidamente se transformou em dias inteiros e, eventualmente, noites. Como resultado, tomei a decis\u00e3o de abandonar o curso e dedicar-me ao projeto a tempo inteiro.<\/p>\n<p>Poder trabalhar o dia todo com design e bicicletas \u2014 algo que sempre sonhei \u2014 \u00e9 uma enorme alegria! E pela primeira vez, a minha luta com o TOC revelou-se uma vantagem, pois esse perfeccionismo di\u00e1rio ajudou-me a criar o melhor produto poss\u00edvel.<\/p>\n<p>\u00c0 medida que as encomendas aumentavam, um amigo e companheiro ciclista, o Rui, que acabara de terminar o secund\u00e1rio e estava \u00e0 procura de trabalho, apareceu no momento certo. Pens\u00e1mos: \u201cUma empresa no mundo das bicicletas, com dois ciclistas \u2014 o que poderia ser melhor?\u201d O Rui, com o seu olhar atento aos detalhes, foi a pessoa perfeita para garantir a qualidade dos nossos produtos e servi\u00e7os. Come\u00e7ou a ajudar-me na cria\u00e7\u00e3o de moldes e aplica\u00e7\u00f5es, permitindo-me concentrar-me no design e nas vendas.<\/p>\n<p>Com apenas os dois, a carga de trabalho rapidamente se tornou esmagadora. Foi ent\u00e3o que o Maur\u00edcio, tamb\u00e9m a terminar o secund\u00e1rio, se juntou a n\u00f3s. Tornou-se o &#8220;faz-tudo&#8221; perfeito, ajudando nas encomendas, no atendimento ao cliente e na produ\u00e7\u00e3o. Mais uma vez, partilhava a nossa paix\u00e3o por bicicletas e motos.<\/p>\n<p>\u00c0s vezes, penso que a vida \u00e9 como um puzzle, onde, do nada, as pe\u00e7as perfeitas surgem \u00e0 nossa frente. E quando isso acontece, sabemos que s\u00e3o as pe\u00e7as que est\u00e1vamos \u00e0 espera.<\/p>\n<p>Come\u00e7\u00e1mos a patrocinar ciclistas como o Meira no Enduro, o Carlos Rocha no XC e o Rui Teixeira no DH, que ainda s\u00e3o os nossos ciclistas patrocinados at\u00e9 hoje. Somos imensamente gratos a eles, pois ajudaram-nos a crescer e a estabelecer-nos no mercado.<\/p>\n<p>No in\u00edcio de 2018, demos um grande passo. A produ\u00e7\u00e3o externa n\u00e3o oferecia a qualidade, os prazos ou as op\u00e7\u00f5es de materiais que procur\u00e1vamos. Ent\u00e3o, investimos e mud\u00e1mo-nos de um pequeno quarto da minha casa para um escrit\u00f3rio no centro de Fafe, Portugal. L\u00e1, adquirimos nova maquinaria de alta qualidade e os melhores materiais dispon\u00edveis no mercado \u2014 exatamente como sempre sonh\u00e1mos.<\/p>\n<p>Ap\u00f3s anos de lutas di\u00e1rias, os resultados come\u00e7aram a aparecer. As principais lojas em Portugal come\u00e7aram a revender os nossos produtos, seguidas de ciclistas e equipas profissionais. Come\u00e7\u00e1mos a trabalhar com grandes marcas industriais e torn\u00e1mo-nos distribuidores licenciados para muitas delas. Ver os nossos produtos e projetos personalizados na TV e na internet nos maiores eventos do mundo \u2014 como o Cape Epic, v\u00e1rias voltas, campe\u00f5es ol\u00edmpicos, entre outros \u2014 foi a concretiza\u00e7\u00e3o de um sonho.<\/p>\n<p>Em 2019, lan\u00e7\u00e1mos uma marca de filmes de prote\u00e7\u00e3o premium de alta qualidade chamada RISKLESS. Est\u00e1vamos fartos de ver materiais de baixa qualidade no mercado e j\u00e1 est\u00e1vamos a criar moldes diariamente para proteger os nossos servi\u00e7os de personaliza\u00e7\u00e3o. Decidimos ent\u00e3o trazer esses produtos para o mercado com a marca de prote\u00e7\u00e3o mais completa poss\u00edvel, oferecendo desde kits universais at\u00e9 kits totalmente personalizados, para proteger componentes como manetes, pedivelas, ecr\u00e3s, entre outros.<\/p>\n<p>Foi ent\u00e3o que percebemos que Portugal era, na verdade, um mercado demasiado pequeno para uma empresa de nicho como a nossa sobreviver. Este foi o in\u00edcio da nossa verdadeira luta: levar o nosso neg\u00f3cio para os quatro cantos do mundo, a partir de uma pequena cidade num pequeno pa\u00eds, Fafe, Portugal. Sem contactos e sem um caminho f\u00e1cil para entrar no mercado, trabalh\u00e1mos incansavelmente todos os dias para melhorar e crescer, servindo cada vez mais clientes de uma forma cada vez melhor.<\/p>\n<p>2024 foi um ano de grandes mudan\u00e7as para n\u00f3s. Recebemos dois grandes novos membros na nossa equipa: o Pedro, que nos ajudou a expandir o tamanho do nosso neg\u00f3cio, e a Beatriz, que trouxe talento e criatividade para melhorar a qualidade do nosso design. Juntamente com estas adi\u00e7\u00f5es, tamb\u00e9m melhor\u00e1mos o nosso website e aperfei\u00e7o\u00e1mos os nossos processos de produ\u00e7\u00e3o, levando as nossas opera\u00e7\u00f5es para o pr\u00f3ximo n\u00edvel.<\/p>\n<p>O nosso objetivo agora \u00e9 continuar a servir os nossos clientes com novos produtos e servi\u00e7os. Explorar novas parcerias, novos projetos, novos ciclistas e novas equipas. Queremos crescer, melhorar todos os dias e tornar-nos mais eficientes, mas sempre mantendo a mesma paix\u00e3o, o mesmo esp\u00edrito e os mesmos valores.<\/p>\n<p>Quero agradecer a todos os que ajudaram a tornar este sonho uma realidade: aos nossos clientes, parceiros, amigos e fam\u00edlia. Serei eternamente grato a todos os que acreditaram em mim e na minha equipa, e que, de uma forma ou de outra, nos ajudaram a chegar at\u00e9 aqui e continuam a ajudar-nos a melhorar todos os dias.[\/vc_column_text][vc_text_separator title=&#8221;Jorge Marinho, JM Graphics Founder &amp; CEO&#8221; css=&#8221;.vc_custom_1586705245069{margin-top: 4% !important;margin-bottom: 5% !important;}&#8221;][vc_images_carousel images=&#8221;45981,45960,45958,46185,45984,45956,45979&#8243; img_size=&#8221;full&#8221; speed=&#8221;10000&#8243; slides_per_view=&#8221;4&#8243; autoplay=&#8221;yes&#8221; hide_pagination_control=&#8221;yes&#8221; wrap=&#8221;yes&#8221; css=&#8221;.vc_custom_1735383135120{margin-top: 3% !important;margin-right: 6% !important;margin-bottom: 3% !important;margin-left: 6% !important;background-position: center !important;background-repeat: no-repeat !important;background-size: contain !important;}&#8221;][\/vc_column_inner][\/vc_row_inner][\/vc_column][\/vc_row]<\/p>\n","protected":false},"excerpt":{"rendered":"<p>[vc_row css=&#8221;.vc_custom_1586701877490{margin-top: 3% !important;margin-bottom: 7% !important;padding-top: 3% !important;padding-bottom: 3% !important;background-color: #ffffff !important;}&#8221; el_class=&#8221;ourteam&#8221;][vc_column][vc_row_inner css=&#8221;.vc_custom_1545657471640{margin-top: -2% !important;background-position: center !important;background-repeat: no-repeat !important;background-size: contain !important;}&#8221;][vc_column_inner][vc_images_carousel images=&#8221;5506,45962,5524,5520,45974,5522,5516,45967,45969,45971&#8243; img_size=&#8221;full&#8221; speed=&#8221;10000&#8243; slides_per_view=&#8221;4&#8243; autoplay=&#8221;yes&#8221; hide_pagination_control=&#8221;yes&#8221; wrap=&#8221;yes&#8221; css=&#8221;.vc_custom_1735140012681{margin-top: 3% !important;margin-right: 6% !important;margin-bottom: 3% !important;margin-left: 6% !important;background-position: center !important;background-repeat: no-repeat !important;background-size: contain !important;}&#8221;][vc_column_text css=&#8221;.vc_custom_1735140122121{margin-top: 2% !important;margin-right: 6% !important;margin-bottom: 2% !important;margin-left: 6% !important;}&#8221;]Tudo come\u00e7ou em&#8230;<\/p>\n","protected":false},"author":1,"featured_media":0,"parent":0,"menu_order":0,"comment_status":"closed","ping_status":"closed","template":"","meta":{"footnotes":""},"class_list":["post-5545","page","type-page","status-publish","hentry"],"aioseo_notices":[],"_links":{"self":[{"href":"https:\/\/jm-graphics.com\/pt-pt\/wp-json\/wp\/v2\/pages\/5545","targetHints":{"allow":["GET"]}}],"collection":[{"href":"https:\/\/jm-graphics.com\/pt-pt\/wp-json\/wp\/v2\/pages"}],"about":[{"href":"https:\/\/jm-graphics.com\/pt-pt\/wp-json\/wp\/v2\/types\/page"}],"author":[{"embeddable":true,"href":"https:\/\/jm-graphics.com\/pt-pt\/wp-json\/wp\/v2\/users\/1"}],"replies":[{"embeddable":true,"href":"https:\/\/jm-graphics.com\/pt-pt\/wp-json\/wp\/v2\/comments?post=5545"}],"version-history":[{"count":9,"href":"https:\/\/jm-graphics.com\/pt-pt\/wp-json\/wp\/v2\/pages\/5545\/revisions"}],"predecessor-version":[{"id":46187,"href":"https:\/\/jm-graphics.com\/pt-pt\/wp-json\/wp\/v2\/pages\/5545\/revisions\/46187"}],"wp:attachment":[{"href":"https:\/\/jm-graphics.com\/pt-pt\/wp-json\/wp\/v2\/media?parent=5545"}],"curies":[{"name":"wp","href":"https:\/\/api.w.org\/{rel}","templated":true}]}}