{"id":4948,"date":"2019-12-24T18:51:49","date_gmt":"2019-12-24T18:51:49","guid":{"rendered":"https:\/\/jm-graphics.com\/termos-e-condicoes\/"},"modified":"2025-05-04T21:07:03","modified_gmt":"2025-05-04T21:07:03","slug":"termos-e-condicoes","status":"publish","type":"page","link":"https:\/\/jm-graphics.com\/pt-pt\/termos-e-condicoes\/","title":{"rendered":"Termos e Condi\u00e7\u00f5es"},"content":{"rendered":"<p>[vc_row css=&#8221;.vc_custom_1746390468384{margin-top: 2% !important;margin-right: 7% !important;margin-bottom: 7% !important;margin-left: 7% !important;}&#8221;][vc_column][vc_column_text]<\/p>\n<p class=\"\" data-start=\"141\" data-end=\"505\">Por favor, leia atentamente os seguintes <strong data-start=\"167\" data-end=\"191\">Termos e Condi\u00e7\u00f5es<\/strong> de uso da Loja Online \u201cJM Graphics\u201d. Ao aceder a esta p\u00e1gina, declara que aceita os Termos e Condi\u00e7\u00f5es. Caso contr\u00e1rio, n\u00e3o visite o nosso site. A &#8220;JM Graphics&#8221; pode alterar os Termos e Condi\u00e7\u00f5es desde a sua \u00faltima visita. Sempre que utilizar esta p\u00e1gina, dever\u00e1 consultar os Termos e Condi\u00e7\u00f5es de uso.<\/p>\n<hr class=\"\" data-start=\"507\" data-end=\"510\">\n<h3 class=\"\" data-start=\"512\" data-end=\"576\"><strong data-start=\"516\" data-end=\"576\">\u00c2mbito e Objeto das Condi\u00e7\u00f5es Gerais da Loja<\/strong><\/h3>\n<p class=\"\" data-start=\"578\" data-end=\"901\">Juntamente com o formul\u00e1rio de encomenda e outros elementos nele referidos, as presentes cl\u00e1usulas destinam-se a regular os termos e condi\u00e7\u00f5es que regem a presta\u00e7\u00e3o do servi\u00e7o \u201cLoja Online JM Graphics\u201d pela \u201cJM Graphics Unipessoal Lda\u201d, uma sociedade comercial por quotas, registada na Rua da Su\u00e9cia, 56, BL E, 4820-205 Fafe, NIPC 514 525 029.<\/p>\n<p class=\"\" data-start=\"903\" data-end=\"1054\">O servi\u00e7o \u201cLoja Online JM Graphics\u201d, atrav\u00e9s do endere\u00e7o <strong data-start=\"963\" data-end=\"1016\"><a class=\"\" href=\"http:\/\/www.jm-graphics.com\" target=\"_new\" rel=\"noopener\" data-start=\"965\" data-end=\"1014\">www.jm-graphics.com<\/a><\/strong> , consiste na disponibiliza\u00e7\u00e3o de acesso \u00e0 Loja Online.<\/p>\n<p class=\"\" data-start=\"1056\" data-end=\"1277\">Este endere\u00e7o eletr\u00f3nico, para al\u00e9m de fornecer informa\u00e7\u00f5es sobre um conjunto de produtos e\/ou servi\u00e7os, permite ao Utilizador encomendar os produtos que ali se encontram explicitamente divulgados, nos termos e condi\u00e7\u00f5es descritos nas presentes condi\u00e7\u00f5es.<\/p>\n<p class=\"\" data-start=\"1279\" data-end=\"1718\">A encomenda de produtos e\/ou servi\u00e7os dever\u00e1 ser efetuada por <strong data-start=\"1327\" data-end=\"1380\">Utilizadores com 18 (dezoito) anos ou mais. <\/strong> Menores de idade, com autoriza\u00e7\u00e3o dos seus representantes legais, poder\u00e3o efetuar encomendas. Os elementos e informa\u00e7\u00f5es transmitidas pelo Utilizador ter\u00e3o plenos efeitos legais, reconhecendo-se todas as compras eletr\u00f3nicas que subscrever, n\u00e3o podendo alegar a falta de assinatura para o incumprimento das obriga\u00e7\u00f5es assumidas.<\/p>\n<hr class=\"\" data-start=\"1720\" data-end=\"1723\">\n<h3 class=\"\" data-start=\"1725\" data-end=\"1764\"><strong data-start=\"1729\" data-end=\"1764\">Informa\u00e7\u00e3o sobre Produtos e Conte\u00fados<\/strong><\/h3>\n<p class=\"\" data-start=\"1766\" data-end=\"1948\">A JM Graphics Unipessoal Lda envidar\u00e1 todos os esfor\u00e7os para que a informa\u00e7\u00e3o apresentada online n\u00e3o contenha erros tipogr\u00e1ficos, que ser\u00e3o rapidamente corrigidos sempre que ocorrerem.<\/p>\n<p class=\"\" data-start=\"1950\" data-end=\"2151\">Caso o Utilizador adquira um produto e\/ou servi\u00e7o que tenha caracter\u00edsticas diferentes daquelas apresentadas online, tem o direito de proceder \u00e0 <strong data-start=\"2083\" data-end=\"2116\">resolu\u00e7\u00e3o do contrato de compra<\/strong>, nos termos legais aplic\u00e1veis.<\/p>\n<p class=\"\" data-start=\"2153\" data-end=\"2596\">A JM Graphics Unipessoal Lda envidar\u00e1 todos os esfor\u00e7os para enviar todos os produtos encomendados dentro de um prazo razo\u00e1vel. Caso ocorra alguma circunst\u00e2ncia imprevista, que n\u00e3o seja imput\u00e1vel \u00e0 \u201cLoja Online JM Graphics\u201d, nomeadamente erro humano ou falha no sistema inform\u00e1tico, que impe\u00e7a a disponibiliza\u00e7\u00e3o do produto encomendado pelo Utilizador, <strong data-start=\"2483\" data-end=\"2540\">a JM Graphics Unipessoal Lda n\u00e3o poder\u00e1, em qualquer circunst\u00e2ncia, ser responsabilizada <\/strong>por danos patrimoniais ou morais ocorridos na esfera jur\u00eddica do Utilizador.<\/p>\n<p class=\"\" data-start=\"2598\" data-end=\"2878\">Nos outros casos em que o produto n\u00e3o esteja dispon\u00edvel depois de o Utilizador ter efetuado a encomenda, a encomenda ser\u00e1 notificada por <strong data-start=\"2714\" data-end=\"2723\">e-mail<\/strong> ou <strong data-start=\"2727\" data-end=\"2736\">telefone<\/strong>, para que o cliente possa cancelar a encomenda e solicitar o reembolso, caso j\u00e1 tenha efetuado o respetivo pagamento, ou escolher um produto semelhante de igual valor.<\/p>\n<hr class=\"\" data-start=\"2880\" data-end=\"2883\">\n<h3 class=\"\" data-start=\"2885\" data-end=\"2920\"><strong data-start=\"2889\" data-end=\"2920\">Encargos e Taxas Adicionais<\/strong><\/h3>\n<h4 class=\"\" data-start=\"2922\" data-end=\"2943\"><strong data-start=\"2927\" data-end=\"2943\">Taxa de Maquete:<\/strong><\/h4>\n<p class=\"\" data-start=\"2944\" data-end=\"3324\">Ser\u00e1 cobrada uma <strong data-start=\"2946\" data-end=\"2976\">taxa de maquete n\u00e3o reembols\u00e1vel<\/strong> antes de iniciar qualquer trabalho de desenvolvimento gr\u00e1fico, <strong data-start=\"3032\" data-end=\"3072\">caso o cliente opte por esta op\u00e7\u00e3o<\/strong> no momento da compra de um produto. A taxa cobre a revis\u00e3o preliminar do design e \u00e9 aplic\u00e1vel independentemente do resultado final do produto. <strong data-start=\"3212\" data-end=\"3263\">N\u00e3o ser\u00e1 reembolsada sob nenhuma circunst\u00e2ncia<\/strong>, mesmo que o cliente decida n\u00e3o prosseguir com a encomenda.<\/p>\n<h4 class=\"\" data-start=\"3326\" data-end=\"3387\"><strong data-start=\"3331\" data-end=\"3387\">Taxa de Personaliza\u00e7\u00e3o Bespoke (Desenvolvimento Gr\u00e1fico Personalizado):<\/strong><\/h4>\n<p class=\"\" data-start=\"3388\" data-end=\"3979\">Uma <strong data-start=\"3390\" data-end=\"3421\">taxa de personaliza\u00e7\u00e3o bespoke<\/strong> ser\u00e1 aplicada <strong data-start=\"3438\" data-end=\"3446\">apenas<\/strong> a todos os servi\u00e7os de design personalizado, tanto para indiv\u00edduos como para empresas, oferecidos pela &#8220;Loja Online JM Graphics&#8221;, <strong data-start=\"3558\" data-end=\"3598\">caso o cliente opte por esta op\u00e7\u00e3o<\/strong> ao selecionar um produto espec\u00edfico. Esta taxa est\u00e1 inclu\u00edda no valor total final da encomenda, cobrindo o tempo e os recursos necess\u00e1rios para a cria\u00e7\u00e3o dos designs. Ap\u00f3s o in\u00edcio do trabalho de personaliza\u00e7\u00e3o, esta taxa <strong data-start=\"3799\" data-end=\"3823\">n\u00e3o ser\u00e1 reembolsada<\/strong>, mesmo que o trabalho n\u00e3o corresponda \u00e0s especifica\u00e7\u00f5es indicadas no momento da encomenda, salvo em casos em que exista um erro imput\u00e1vel \u00e0 JM Graphics, Unipessoal Lda.<\/p>\n<h4 class=\"\" data-start=\"3981\" data-end=\"4016\"><strong data-start=\"3986\" data-end=\"4016\">Pol\u00edtica de Reembolso da Taxa de Pagamento:<\/strong><\/h4>\n<p class=\"\" data-start=\"4017\" data-end=\"4411\">Em caso de <strong data-start=\"4028\" data-end=\"4062\">defeito no produto ou servi\u00e7o,<\/strong> o Utilizador tem direito a um <strong data-start=\"4090\" data-end=\"4105\">reembolso total<\/strong> do valor pago, incluindo o custo do produto e\/ou servi\u00e7o. Caso o cliente solicite o reembolso <strong data-start=\"4210\" data-end=\"4248\">antes de a encomenda entrar em produ\u00e7\u00e3o<\/strong>, ser\u00e1 reembolsado o valor total pago, <strong data-start=\"4290\" data-end=\"4332\">exceto as taxas de processamento de pagamento<\/strong> que nos s\u00e3o cobradas, as quais n\u00e3o s\u00e3o reembols\u00e1veis, mesmo em caso de pedido de reembolso.<\/p>\n<hr class=\"\" data-start=\"4413\" data-end=\"4416\">\n<h3 class=\"\" data-start=\"4418\" data-end=\"4442\"><strong data-start=\"4422\" data-end=\"4442\">Obriga\u00e7\u00f5es do Utilizador<\/strong><\/h3>\n<p class=\"\" data-start=\"4444\" data-end=\"4463\">O Utilizador compromete-se a:<\/p>\n<ul data-start=\"4465\" data-end=\"4586\">\n<li class=\"\" data-start=\"4465\" data-end=\"4522\">\n<p class=\"\" data-start=\"4467\" data-end=\"4522\">Fornecer dados pessoais corretos e endere\u00e7os atualizados;<\/p>\n<\/li>\n<li class=\"\" data-start=\"4523\" data-end=\"4550\">\n<p class=\"\" data-start=\"4525\" data-end=\"4550\">N\u00e3o utilizar identidades falsas;<\/p>\n<\/li>\n<li class=\"\" data-start=\"4551\" data-end=\"4586\">\n<p class=\"\" data-start=\"4553\" data-end=\"4586\">Respeitar os limites das encomendas impostas.<\/p>\n<\/li>\n<\/ul>\n<p class=\"\" data-start=\"4588\" data-end=\"4874\">Caso algum dado fornecido ou indicado pelo Utilizador esteja incorreto ou insuficiente, e por esse motivo haja atraso ou impossibilidade no processamento da encomenda ou n\u00e3o entrega, o Utilizador ser\u00e1 respons\u00e1vel pelo preju\u00edzo resultante, e a JM Graphics, Unipessoal Lda n\u00e3o se responsabiliza por tal.<\/p>\n<p class=\"\" data-start=\"4876\" data-end=\"5203\">Caso o Utilizador viole alguma dessas obriga\u00e7\u00f5es, a JM Graphics, Unipessoal Lda reserva-se o direito de <strong data-start=\"4973\" data-end=\"5003\">interromper futuras compras<\/strong>, bloquear o acesso \u00e0 \u201cLoja Online JM Graphics\u201d e impedir o acesso do Utilizador a quaisquer produtos e\/ou servi\u00e7os disponibilizados, assim como cancelar o fornecimento de qualquer outro produto e\/ou servi\u00e7o de forma simult\u00e2nea a esse Utilizador.<\/p>\n<p class=\"\" data-start=\"5205\" data-end=\"5379\">A utiliza\u00e7\u00e3o dos produtos e\/ou servi\u00e7os adquiridos na \u201cLoja Online JM Graphics\u201d para <strong data-start=\"5288\" data-end=\"5324\">fins comerciais n\u00e3o autorizados<\/strong> pela JM Graphics, Unipessoal Lda \u00e9 expressamente proibida.<\/p>\n<hr class=\"\" data-start=\"5381\" data-end=\"5384\">\n<h3 class=\"\" data-start=\"5386\" data-end=\"5412\"><strong data-start=\"5390\" data-end=\"5412\">Cancelamento de Encomendas<\/strong><\/h3>\n<h4 class=\"\" data-start=\"5414\" data-end=\"5439\"><strong data-start=\"5419\" data-end=\"5439\">Por solicita\u00e7\u00e3o do Utilizador:<\/strong><\/h4>\n<p class=\"\" data-start=\"5440\" data-end=\"5833\">O Utilizador poder\u00e1 <strong data-start=\"5453\" data-end=\"5473\">cancelar a encomenda<\/strong> solicitando-o \u00e0 JM Graphics, Unipessoal Lda, atrav\u00e9s do n\u00famero de <strong data-start=\"5529\" data-end=\"5538\">telefone<\/strong> ou <strong data-start=\"5542\" data-end=\"5551\">e-mail<\/strong>, indicando o n\u00famero da encomenda, <strong data-start=\"5582\" data-end=\"5633\">desde que a mesma n\u00e3o tenha sido ainda processada<\/strong>. Ap\u00f3s o processamento, a encomenda n\u00e3o poder\u00e1 ser alterada nem cancelada, sendo que a JM Graphics, Unipessoal Lda proceder\u00e1 \u00e0 entrega da mesma, uma vez que todos os produtos s\u00e3o personalizados de acordo com a solicita\u00e7\u00e3o feita pelo Utilizador.<\/p>\n<p class=\"\" data-start=\"5835\" data-end=\"5976\">Para proceder ao <strong data-start=\"5855\" data-end=\"5895\">cancelamento da encomenda antes de ser processada<\/strong>, o Utilizador dever\u00e1 fornecer os seguintes dados \u00e0 JM Graphics, Unipessoal Lda:<\/p>\n<ul data-start=\"5978\" data-end=\"6071\">\n<li class=\"\" data-start=\"5978\" data-end=\"5993\">\n<p class=\"\" data-start=\"5980\" data-end=\"5993\">N\u00famero da encomenda;<\/p>\n<\/li>\n<li class=\"\" data-start=\"5994\" data-end=\"6037\">\n<p class=\"\" data-start=\"5996\" data-end=\"6037\">NIF com o qual foi realizada a encomenda;<\/p>\n<\/li>\n<li class=\"\" data-start=\"6038\" data-end=\"6071\">\n<p class=\"\" data-start=\"6040\" data-end=\"6071\">Endere\u00e7o de entrega da encomenda.<\/p>\n<\/li>\n<\/ul>\n<hr class=\"\" data-start=\"6073\" data-end=\"6076\">\n<h3 class=\"\" data-start=\"6078\" data-end=\"6093\"><strong data-start=\"6082\" data-end=\"6093\">Devolu\u00e7\u00f5es:<\/strong><\/h3>\n<p class=\"\" data-start=\"6095\" data-end=\"6256\">Como a JM Graphics, Unipessoal Lda apenas concebe e produz <strong data-start=\"6155\" data-end=\"6178\">produtos personalizados<\/strong> para cada Utilizador, compromete-se a reproduzir integralmente a solicita\u00e7\u00e3o feita por cada Utilizador.<\/p>\n<p class=\"\" data-start=\"6258\" data-end=\"6743\">A JM Graphics, Unipessoal Lda n\u00e3o se responsabiliza por <strong data-start=\"6309\" data-end=\"6328\">erros de grafia<\/strong> ou outras falhas imput\u00e1veis ao Utilizador, bem como por <strong data-start=\"6388\" data-end=\"6423\">pequenas varia\u00e7\u00f5es nas tonalidades de cor <\/strong>que possam ocorrer durante o processo de produ\u00e7\u00e3o. Dessa forma, o Utilizador est\u00e1 expressamente <strong data-start=\"6503\" data-end=\"6557\">exclu\u00eddo do direito de resolu\u00e7\u00e3o livre da encomenda <\/strong>previsto no artigo 17.\u00ba, n.\u00ba 1, al\u00ednea c) do Decreto-Lei n.\u00ba 24\/2014, de 14 de fevereiro (por se tratar de fornecimento de bens feitos de acordo com as especifica\u00e7\u00f5es do Utilizador ou manifestamente personalizados).<\/p>\n<hr class=\"\" data-start=\"6745\" data-end=\"6748\">\n<h3 class=\"\" data-start=\"6750\" data-end=\"6766\"><strong data-start=\"6754\" data-end=\"6766\">Expedi\u00e7\u00e3o<\/strong><\/h3>\n<p class=\"\" data-start=\"6768\" data-end=\"7094\">No momento da encomenda pelo Utilizador na \u201cLoja Online JM Graphics\u201d, durante o envio da mesma, o <strong data-start=\"6887\" data-end=\"6932\">risco de perda e\/ou danos do produto<\/strong> \u00e9 transferido para o transportador contratado para o efeito. Ao receber o produto (aquando da assinatura do recibo de rece\u00e7\u00e3o), essa responsabilidade ser\u00e1 transferida para o Utilizador.<\/p>\n<hr class=\"\" data-start=\"7096\" data-end=\"7099\">\n<h3 class=\"\" data-start=\"7101\" data-end=\"7116\"><strong data-start=\"7105\" data-end=\"7116\">Pagamento<\/strong><\/h3>\n<p class=\"\" data-start=\"7118\" data-end=\"7499\">O pagamento do produto e\/ou servi\u00e7o encomendado pelo Utilizador na \u201cLoja Online JM Graphics\u201d pode ser realizado por <strong data-start=\"7215\" data-end=\"7225\">Paypal<\/strong>, <strong data-start=\"7227\" data-end=\"7233\">MB<\/strong>, <strong data-start=\"7235\" data-end=\"7243\">Visa<\/strong> ou <strong data-start=\"7248\" data-end=\"7262\">Mastercard<\/strong>, e deve ser efetuado na data da encomenda. O Utilizador garante que o m\u00e9todo de pagamento utilizado tem fundos suficientes para cobrir os custos da encomenda, reservando-se a JM Graphics, Unipessoal Lda ao direito de validar o mesmo antes de processar qualquer encomenda.<\/p>\n<p class=\"\" data-start=\"7501\" data-end=\"7637\">O <strong data-start=\"7505\" data-end=\"7544\">pre\u00e7o do produto e\/ou servi\u00e7o<\/strong> ser\u00e1 o apresentado na p\u00e1gina da \u201cLoja Online JM Graphics\u201d no momento da conclus\u00e3o da encomenda.<\/p>\n<p class=\"\" data-start=\"7639\" data-end=\"7801\">Com a conclus\u00e3o da encomenda e o respetivo pagamento, o Utilizador garante que <strong data-start=\"7703\" data-end=\"7801\">todos os dados fornecidos para a personaliza\u00e7\u00e3o do produto est\u00e3o corretos e cumprem os requisitos solicitados.<\/strong><\/p>\n<div id=\"gtx-trans\" style=\"position: absolute; left: 85px; top: 1457.56px;\">\n<div class=\"gtx-trans-icon\"><\/div>\n<\/div>\n<p>[\/vc_column_text][\/vc_column][\/vc_row]<\/p>\n","protected":false},"excerpt":{"rendered":"<p>[vc_row css=&#8221;.vc_custom_1746390468384{margin-top: 2% !important;margin-right: 7% !important;margin-bottom: 7% !important;margin-left: 7% !important;}&#8221;][vc_column][vc_column_text] Por favor, leia atentamente os seguintes Termos e Condi\u00e7\u00f5es de uso da Loja Online \u201cJM Graphics\u201d. Ao aceder a esta p\u00e1gina, declara que aceita os Termos e Condi\u00e7\u00f5es. Caso contr\u00e1rio, n\u00e3o visite o nosso site. A &#8220;JM Graphics&#8221; pode alterar os Termos e Condi\u00e7\u00f5es desde&#8230;<\/p>\n","protected":false},"author":1,"featured_media":0,"parent":0,"menu_order":0,"comment_status":"closed","ping_status":"closed","template":"","meta":{"footnotes":""},"class_list":["post-4948","page","type-page","status-publish","hentry"],"aioseo_notices":[],"_links":{"self":[{"href":"https:\/\/jm-graphics.com\/pt-pt\/wp-json\/wp\/v2\/pages\/4948","targetHints":{"allow":["GET"]}}],"collection":[{"href":"https:\/\/jm-graphics.com\/pt-pt\/wp-json\/wp\/v2\/pages"}],"about":[{"href":"https:\/\/jm-graphics.com\/pt-pt\/wp-json\/wp\/v2\/types\/page"}],"author":[{"embeddable":true,"href":"https:\/\/jm-graphics.com\/pt-pt\/wp-json\/wp\/v2\/users\/1"}],"replies":[{"embeddable":true,"href":"https:\/\/jm-graphics.com\/pt-pt\/wp-json\/wp\/v2\/comments?post=4948"}],"version-history":[{"count":8,"href":"https:\/\/jm-graphics.com\/pt-pt\/wp-json\/wp\/v2\/pages\/4948\/revisions"}],"predecessor-version":[{"id":50330,"href":"https:\/\/jm-graphics.com\/pt-pt\/wp-json\/wp\/v2\/pages\/4948\/revisions\/50330"}],"wp:attachment":[{"href":"https:\/\/jm-graphics.com\/pt-pt\/wp-json\/wp\/v2\/media?parent=4948"}],"curies":[{"name":"wp","href":"https:\/\/api.w.org\/{rel}","templated":true}]}}