{"id":19497,"date":"2022-12-11T14:44:29","date_gmt":"2022-12-11T14:44:29","guid":{"rendered":"https:\/\/jm-graphics.com\/perguntas-frequentes\/tipos-de-corte\/"},"modified":"2022-12-11T14:46:24","modified_gmt":"2022-12-11T14:46:24","slug":"tipos-de-corte","status":"publish","type":"page","link":"https:\/\/jm-graphics.com\/pt-pt\/perguntas-frequentes\/tipos-de-corte\/","title":{"rendered":"Tipos de Corte"},"content":{"rendered":"<p>[vc_row][vc_column][vc_column_text css_animation=&#8221;fadeInDown&#8221;]<\/p>\n<h1 class=\"vc_custom_heading\" style=\"text-align: left;\">Tipos de Corte de Autocolantes<\/h1>\n<p>[\/vc_column_text][vc_separator border_width=&#8221;5&#8243; css_animation=&#8221;fadeIn&#8221; css=&#8221;.vc_custom_1670716533043{padding-top: 1% !important;padding-bottom: 3% !important;}&#8221;][vc_row_inner css_animation=&#8221;wpb_fadeInLeft&#8221;][vc_column_inner width=&#8221;1\/4&#8243;][vc_images_carousel images=&#8221;19438,19447,17578,19445,17574&#8243; img_size=&#8221;medium&#8221;][\/vc_column_inner][vc_column_inner width=&#8221;3\/4&#8243; css=&#8221;.vc_custom_1669579415161{padding-left: 5% !important;}&#8221;][vc_column_text css_animation=&#8221;none&#8221;]<\/p>\n<h3>\n            <strong>CORTE EM CONTORNO<\/strong><br \/>\n          <\/h3>\n<p>[\/vc_column_text][vc_separator border_width=&#8221;2&#8243; css=&#8221;.vc_custom_1670706720664{padding-top: 1% !important;padding-bottom: 1% !important;}&#8221;][vc_column_text]O aspecto final do autocolante ser\u00e1 cortado em contorno \u00e0 volta do desenho, com uma pequena por\u00e7\u00e3o de fundo incluida no autocolante entre os v\u00e1rios elementos do desenho. Normalmente tentamos reduzir a quantidade de material entre o corte e o logo, cortando tudo menos uma margem de 1,2 mm em volta do desenho, sendo que \u00e9 sempre preciso existir uma pequena margem para compensar a margem de erro do corte.[\/vc_column_text][\/vc_column_inner][\/vc_row_inner][vc_row_inner css_animation=&#8221;wpb_fadeInLeft&#8221; css=&#8221;.vc_custom_1670707050538{padding-top: 3% !important;}&#8221;][vc_column_inner width=&#8221;1\/4&#8243;][vc_images_carousel images=&#8221;19434,17576,19449,19451&#8243; img_size=&#8221;medium&#8221;][\/vc_column_inner][vc_column_inner width=&#8221;3\/4&#8243; css=&#8221;.vc_custom_1669579415161{padding-left: 5% !important;}&#8221;][vc_column_text]<\/p>\n<h3>\n            <strong>CORTE CIRCULAR<\/strong><br \/>\n          <\/h3>\n<div id=\"gtx-trans\" style=\"position: absolute; left: -153px; top: -5.94792px;\">\n<div class=\"gtx-trans-icon\"><\/div><\/div>\n<p>[\/vc_column_text][vc_separator border_width=&#8221;2&#8243; css=&#8221;.vc_custom_1670706738840{padding-top: 1% !important;padding-bottom: 1% !important;}&#8221;][vc_column_text]O autocolante ser\u00e1 cortado em c\u00edrculo, de forma a incluir todos os elementos do desenho.[\/vc_column_text][\/vc_column_inner][\/vc_row_inner][vc_row_inner css_animation=&#8221;wpb_fadeInLeft&#8221; css=&#8221;.vc_custom_1670707050538{padding-top: 3% !important;}&#8221;][vc_column_inner width=&#8221;1\/4&#8243;][vc_images_carousel images=&#8221;19436&#8243; img_size=&#8221;medium&#8221;][\/vc_column_inner][vc_column_inner width=&#8221;3\/4&#8243; css=&#8221;.vc_custom_1669579415161{padding-left: 5% !important;}&#8221;][vc_column_text]<\/p>\n<h3>\n            <strong>CORTE OVAL<\/strong><br \/>\n          <\/h3>\n<div id=\"gtx-trans\" style=\"position: absolute; left: -86px; top: -5.94792px;\">\n<div class=\"gtx-trans-icon\"><\/div><\/div>\n<p>[\/vc_column_text][vc_separator border_width=&#8221;2&#8243; css=&#8221;.vc_custom_1670706738840{padding-top: 1% !important;padding-bottom: 1% !important;}&#8221;][vc_column_text]O autocolante ser\u00e1 cortado com formato oval, de forma a incluir todos os elementos do desenho. \u00c9 normalmente usado como alternativa ao corte circular quando o desenho tem uma propor\u00e7\u00e3o desiquilibrada.[\/vc_column_text][\/vc_column_inner][\/vc_row_inner][vc_row_inner css_animation=&#8221;wpb_fadeInLeft&#8221; css=&#8221;.vc_custom_1670707050538{padding-top: 3% !important;}&#8221;][vc_column_inner width=&#8221;1\/4&#8243;][vc_images_carousel images=&#8221;19440,19453,19455&#8243; img_size=&#8221;medium&#8221;][\/vc_column_inner][vc_column_inner width=&#8221;3\/4&#8243; css=&#8221;.vc_custom_1669579415161{padding-left: 5% !important;}&#8221;][vc_column_text]<\/p>\n<h3>\n            <strong>CORTE QUADRADO<\/strong><br \/>\n          <\/h3>\n<div id=\"gtx-trans\" style=\"position: absolute; left: -173px; top: -5.94792px;\">\n<div class=\"gtx-trans-icon\"><\/div><\/div>\n<p>[\/vc_column_text][vc_separator border_width=&#8221;2&#8243; css=&#8221;.vc_custom_1670706738840{padding-top: 1% !important;padding-bottom: 1% !important;}&#8221;][vc_column_text]Tipo de corte mais b\u00e1sico, especialmente usado no estilo minimalista ou desenhos com propor\u00e7\u00f5es quadradas.[\/vc_column_text][\/vc_column_inner][\/vc_row_inner][vc_row_inner css_animation=&#8221;wpb_fadeInLeft&#8221; css=&#8221;.vc_custom_1670707050538{padding-top: 3% !important;}&#8221;][vc_column_inner width=&#8221;1\/4&#8243;][vc_images_carousel images=&#8221;19442,19457,19459,19461,19463,19471&#8243; img_size=&#8221;medium&#8221;][\/vc_column_inner][vc_column_inner width=&#8221;3\/4&#8243; css=&#8221;.vc_custom_1669579415161{padding-left: 5% !important;}&#8221;][vc_column_text]<\/p>\n<h3>\n            <strong>CORTE RECTANGULAR<\/strong><br \/>\n          <\/h3>\n<div id=\"gtx-trans\" style=\"position: absolute; left: -45px; top: -5.94792px;\">\n<div class=\"gtx-trans-icon\"><\/div><\/div>\n<p>[\/vc_column_text][vc_separator border_width=&#8221;2&#8243; css=&#8221;.vc_custom_1670706738840{padding-top: 1% !important;padding-bottom: 1% !important;}&#8221;][vc_column_text]Tipo de corte b\u00e1sico, especialmente usado no estilo minimalista ou desenhos com propor\u00e7\u00f5es n\u00e3o-quadradas.[\/vc_column_text][\/vc_column_inner][\/vc_row_inner][vc_row_inner css_animation=&#8221;wpb_fadeInLeft&#8221; css=&#8221;.vc_custom_1670707050538{padding-top: 3% !important;}&#8221;][vc_column_inner width=&#8221;1\/4&#8243;][vc_images_carousel images=&#8221;19473,19465,19467,19469&#8243; img_size=&#8221;medium&#8221;][\/vc_column_inner][vc_column_inner width=&#8221;3\/4&#8243; css=&#8221;.vc_custom_1669579415161{padding-left: 5% !important;}&#8221;][vc_column_text]<\/p>\n<h3>\n            <strong>OUTROS TIPOS DE CORTE<\/strong><br \/>\n          <\/h3>\n<p>[\/vc_column_text][vc_separator border_width=&#8221;2&#8243; css=&#8221;.vc_custom_1670706738840{padding-top: 1% !important;padding-bottom: 1% !important;}&#8221;][vc_column_text]Alguns tipos de corte s\u00e3o usados para completementar o desenho ou para adicionar algum pequeno detalhe, e poder\u00e3o n\u00e3o corresponder especificamente a nenhum dos tipos de corte acima. Eles n\u00e3o precisam de ser redondos, quadrados ou em contorno, mas por vezes uma mistura de todos eles, ou apenas um corte quase aleat\u00f3rio para imitar, por exemplo, formato de respingos de tinta ou algum objeto relacionado ao desenho.<\/p>\n<div id=\"gtx-trans\" style=\"position: absolute; left: 406px; top: 14.6667px;\">\n<div class=\"gtx-trans-icon\"><\/div>\n<\/div>\n<p>[\/vc_column_text][\/vc_column_inner][\/vc_row_inner][vc_column_text css_animation=&#8221;fadeInDown&#8221; css=&#8221;.vc_custom_1670716764326{padding-top: 2% !important;}&#8221;]<\/p>\n<h1 class=\"vc_custom_heading\" style=\"text-align: left;\">Tipos de Corte do Fundo dos Autocolantes<\/h1>\n<div id=\"gtx-trans\" style=\"position: absolute; left: -53px; top: -1.22917px;\">\n<div class=\"gtx-trans-icon\"><\/div><\/div>\n<p>[\/vc_column_text][vc_separator border_width=&#8221;5&#8243; css_animation=&#8221;fadeIn&#8221; css=&#8221;.vc_custom_1670716738840{padding-top: 1% !important;padding-bottom: 1% !important;}&#8221;][vc_row_inner css_animation=&#8221;wpb_fadeInLeft&#8221; css=&#8221;.vc_custom_1670707058922{padding-top: 3% !important;}&#8221;][vc_column_inner width=&#8221;1\/4&#8243;][vc_images_carousel images=&#8221;19479,19459,19471,19465&#8243; img_size=&#8221;medium&#8221;][\/vc_column_inner][vc_column_inner width=&#8221;3\/4&#8243; css=&#8221;.vc_custom_1669579415161{padding-left: 5% !important;}&#8221;][vc_column_text]<\/p>\n<h3>\n            <strong>1 A 1 (AUTOCOLANTES INDIVIDUAIS)<\/strong><br \/>\n          <\/h3>\n<p>[\/vc_column_text][vc_separator border_width=&#8221;2&#8243; css=&#8221;.vc_custom_1670706750532{padding-top: 1% !important;padding-bottom: 1% !important;}&#8221;][vc_column_text]Todos os autocolantes ser\u00e3o divididos 1 a 1, prontos a colar. Op\u00e7\u00e3o mais pr\u00e1tica para fins comerciais como empresas, marcas, eventos, etc.[\/vc_column_text][\/vc_column_inner][\/vc_row_inner][vc_row_inner css_animation=&#8221;wpb_fadeInLeft&#8221; css=&#8221;.vc_custom_1670707058922{padding-top: 3% !important;}&#8221;][vc_column_inner width=&#8221;1\/4&#8243;][vc_images_carousel images=&#8221;19483,19449,17574,19485,19451,19487,19489&#8243; img_size=&#8221;medium&#8221;][\/vc_column_inner][vc_column_inner width=&#8221;3\/4&#8243; css=&#8221;.vc_custom_1669579415161{padding-left: 5% !important;}&#8221;][vc_column_text]<\/p>\n<h3>\n            <strong>EM FOLHAS<\/strong><br \/>\n          <\/h3>\n<div id=\"gtx-trans\" style=\"position: absolute; left: -183px; top: -5.94792px;\">\n<div class=\"gtx-trans-icon\"><\/div><\/div>\n<p>[\/vc_column_text][vc_separator border_width=&#8221;2&#8243; css=&#8221;.vc_custom_1670706750532{padding-top: 1% !important;padding-bottom: 1% !important;}&#8221;][vc_column_text]Pequenas folhas com v\u00e1rios autocolantes. Melhor op\u00e7\u00e3o para uma rela\u00e7\u00e3o \u00f3ptima entre valor e praticalidade. Recomendado para oficinas, industria, onde os autocolantes se encontram preparados para serem aplicados e est\u00e1 contifo em pequenas folhas o que torna pr\u00e1tico o sue manuseamento. O tamanho dessas folhas poder\u00e1 ser personalizado ao gosto do cliente e os autocolantes em si ser\u00e3o pr\u00e9-recortados.[\/vc_column_text][\/vc_column_inner][\/vc_row_inner][vc_row_inner css_animation=&#8221;wpb_fadeInLeft&#8221; css=&#8221;.vc_custom_1670707058922{padding-top: 3% !important;}&#8221;][vc_column_inner width=&#8221;1\/4&#8243;][vc_images_carousel images=&#8221;19481,19467,19469,19461,19491,19493,19495&#8243; img_size=&#8221;medium&#8221;][\/vc_column_inner][vc_column_inner width=&#8221;3\/4&#8243; css=&#8221;.vc_custom_1669579415161{padding-left: 5% !important;}&#8221;][vc_column_text]<\/p>\n<h3>\n            <strong>EM ROLO<\/strong><br \/>\n          <\/h3>\n<p>[\/vc_column_text][vc_separator border_width=&#8221;2&#8243; css=&#8221;.vc_custom_1670706750532{padding-top: 1% !important;padding-bottom: 1% !important;}&#8221;][vc_column_text]Ser\u00e1 entregue uma folha inteira de 1m2 com todos os autocolantes. Eles ser\u00e3o pr\u00e9-recortados e prontos a aplicar. Op\u00e7\u00e3o mais econ\u00f3mica.[\/vc_column_text][\/vc_column_inner][\/vc_row_inner][vc_separator border_width=&#8221;5&#8243; css_animation=&#8221;fadeIn&#8221; css=&#8221;.vc_custom_1670707126676{padding-top: 4% !important;padding-bottom: 2% !important;}&#8221;][vc_column_text css_animation=&#8221;fadeInUp&#8221;]<\/p>\n<h5 style=\"text-align: center;\">Caso tenha alguma d\u00favida sobre o t\u00f3pico acima, por favor <a href=\"https:\/\/jm-graphics.com\/pt-pt\/contactos\/\"><strong>contacte-nos.<\/strong><\/a><\/h5>\n<div id=\"gtx-trans\" style=\"position: absolute; left: -18px; top: 42.9375px;\">\n<div class=\"gtx-trans-icon\"><\/div><\/div>\n<p>[\/vc_column_text][\/vc_column][\/vc_row]<\/p>\n","protected":false},"excerpt":{"rendered":"<p>[vc_row][vc_column][vc_column_text css_animation=&#8221;fadeInDown&#8221;] Tipos de Corte de Autocolantes [\/vc_column_text][vc_separator border_width=&#8221;5&#8243; css_animation=&#8221;fadeIn&#8221; css=&#8221;.vc_custom_1670716533043{padding-top: 1% !important;padding-bottom: 3% !important;}&#8221;][vc_row_inner css_animation=&#8221;wpb_fadeInLeft&#8221;][vc_column_inner width=&#8221;1\/4&#8243;][vc_images_carousel images=&#8221;19438,19447,17578,19445,17574&#8243; img_size=&#8221;medium&#8221;][\/vc_column_inner][vc_column_inner width=&#8221;3\/4&#8243; css=&#8221;.vc_custom_1669579415161{padding-left: 5% !important;}&#8221;][vc_column_text css_animation=&#8221;none&#8221;] CORTE EM CONTORNO [\/vc_column_text][vc_separator border_width=&#8221;2&#8243; css=&#8221;.vc_custom_1670706720664{padding-top: 1% !important;padding-bottom: 1% !important;}&#8221;][vc_column_text]O aspecto final do autocolante ser\u00e1 cortado em contorno \u00e0 volta do desenho, com uma pequena por\u00e7\u00e3o de fundo incluida no autocolante&#8230;<\/p>\n","protected":false},"author":1,"featured_media":0,"parent":19376,"menu_order":0,"comment_status":"closed","ping_status":"closed","template":"","meta":{"footnotes":""},"class_list":["post-19497","page","type-page","status-publish","hentry"],"aioseo_notices":[],"_links":{"self":[{"href":"https:\/\/jm-graphics.com\/pt-pt\/wp-json\/wp\/v2\/pages\/19497","targetHints":{"allow":["GET"]}}],"collection":[{"href":"https:\/\/jm-graphics.com\/pt-pt\/wp-json\/wp\/v2\/pages"}],"about":[{"href":"https:\/\/jm-graphics.com\/pt-pt\/wp-json\/wp\/v2\/types\/page"}],"author":[{"embeddable":true,"href":"https:\/\/jm-graphics.com\/pt-pt\/wp-json\/wp\/v2\/users\/1"}],"replies":[{"embeddable":true,"href":"https:\/\/jm-graphics.com\/pt-pt\/wp-json\/wp\/v2\/comments?post=19497"}],"version-history":[{"count":6,"href":"https:\/\/jm-graphics.com\/pt-pt\/wp-json\/wp\/v2\/pages\/19497\/revisions"}],"predecessor-version":[{"id":19504,"href":"https:\/\/jm-graphics.com\/pt-pt\/wp-json\/wp\/v2\/pages\/19497\/revisions\/19504"}],"up":[{"embeddable":true,"href":"https:\/\/jm-graphics.com\/pt-pt\/wp-json\/wp\/v2\/pages\/19376"}],"wp:attachment":[{"href":"https:\/\/jm-graphics.com\/pt-pt\/wp-json\/wp\/v2\/media?parent=19497"}],"curies":[{"name":"wp","href":"https:\/\/api.w.org\/{rel}","templated":true}]}}