{"id":19376,"date":"2022-12-10T22:43:09","date_gmt":"2022-12-10T22:43:09","guid":{"rendered":"https:\/\/jm-graphics.com\/perguntas-frequentes\/"},"modified":"2025-03-21T18:53:03","modified_gmt":"2025-03-21T18:53:03","slug":"perguntas-frequentes","status":"publish","type":"page","link":"https:\/\/jm-graphics.com\/pt-pt\/perguntas-frequentes\/","title":{"rendered":"Perguntas Frequentes"},"content":{"rendered":"<p>[vc_row][vc_column][vc_column_text css_animation=&#8221;fadeInDown&#8221; css=&#8221;.vc_custom_1670785678907{padding-bottom: 2% !important;}&#8221;]<\/p>\n<h1>Geral<\/h1>\n<div id=\"gtx-trans\" style=\"position: absolute; left: -83px; top: 64.4375px;\">\n<div class=\"gtx-trans-icon\"><\/div>\n<\/div>\n<p>[\/vc_column_text][vc_tta_accordion style=&#8221;modern&#8221; shape=&#8221;square&#8221; active_section=&#8221;0&#8243; css_animation=&#8221;fadeInLeft&#8221; collapsible_all=&#8221;true&#8221; el_class=&#8221;yolo-faqs&#8221;][vc_tta_section title=&#8221;Porque \u00e9 que ainda n\u00e3o recebi uma resposta \u00e0 minha mensagem\/email?&#8221; tab_id=&#8221;1700866709906-53ed2706-0c56&#8243;][vc_column_text]Somos uma equipa bastante pequena e tentamos o nosso m\u00e1ximo para responder o mais r\u00e1pidamente possivel a todas as mensagens\/emails. Por vezes, principalmente em \u00e9pocas festivas, o tempo \u00fatil de resposta ir\u00e1 ficar afectado.<\/p>\n<p>Nestes casos, a forma mais f\u00e1cil de ter uma resposta ser\u00e1 atrav\u00e9s das nossas redes sociais ou por telefone.[\/vc_column_text][\/vc_tta_section][vc_tta_section title=&#8221;Posso ter um desconto?&#8221; tab_id=&#8221;1700866709934-4c04f7e8-bd15&#8243;][vc_column_text]Os nossos pre\u00e7os s\u00e3o calculados com uma margem de lucro baixa, de forma a sermos competitivos e oferecermos aos nossos clientes um produto de alta qualidade a um valor justo, raz\u00e3o pela qual iria colocar em causa a sobreviv\u00eancia da nossa empresa ao fazermos constantemente promo\u00e7\u00f5es.<\/p>\n<p>A cultura de descontos normalmente praticamente por outras empresas, apenas funciona quando existem altas margens de lucro.<\/p>\n<p>Todas as nossas m\u00e1quinas e mat\u00e9rias-primas s\u00e3o de alta qualidade, de forma a termos tamb\u00e9m produtos de alta qualidade, o que torna os nossos produtos caros de produzir.<\/p>\n<p>Pode consultar a nossa sec\u00e7\u00e3o de OUTLET, onde temos v\u00e1rios produtos a pre\u00e7os simb\u00f3licos, produtos esses que se encontram em perfeitas condi\u00e7\u00f5es e que foram devolvidos ou produzidos de forma a tirar melhor aproveitamento da mat\u00e9ria-prima.[\/vc_column_text][\/vc_tta_section][vc_tta_section title=&#8221;Quero ser patrocinado por voc\u00eas. Como devo proceder?&#8221; tab_id=&#8221;1700866709960-b26f1d00-76da&#8221;][vc_column_text]Para propostas de patroc\u00ednio dever\u00e1 contactar-nos por email com o seu curriculum desportivo, bem como as suas redes sociais, interesses, patroc\u00ednios e objectivos.<\/p>\n<p>De notar que somos uma empresa de pequenas dimens\u00f5es pelo que temos capacidades limitadas no que toca \u00e0 quantidade e tamanho dos nossos acordos de patroc\u00ednio.[\/vc_column_text][\/vc_tta_section][\/vc_tta_accordion][\/vc_column][\/vc_row][vc_row][vc_column][vc_column_text css_animation=&#8221;fadeInDown&#8221; css=&#8221;.vc_custom_1670781351716{padding-bottom: 2% !important;}&#8221;]<\/p>\n<h1>Conta<\/h1>\n<div id=\"gtx-trans\" style=\"position: absolute; left: -58px; top: 64.4375px;\">\n<div class=\"gtx-trans-icon\"><\/div>\n<\/div>\n<p>[\/vc_column_text][vc_tta_accordion style=&#8221;modern&#8221; shape=&#8221;square&#8221; active_section=&#8221;0&#8243; css_animation=&#8221;fadeInLeft&#8221; collapsible_all=&#8221;true&#8221; el_class=&#8221;yolo-faqs&#8221;][vc_tta_section title=&#8221;N\u00e3o estou a conseguir criar conta. O que devo fazer?&#8221; tab_id=&#8221;1670785670495-fdc305e3-ff5f&#8221;][vc_column_text]Teste desactivar alguma extens\u00e3o do ser navegador que possa estar a interferir com alguma funcionalidade do nosso site. Poder\u00e1 tambem testar usar o modo inc\u00f3gnito ou mesmo um diferente navegador.<\/p>\n<p>De notar que n\u00e3o \u00e9 necess\u00e1rio criar uma conta para encomendar.[\/vc_column_text][\/vc_tta_section][vc_tta_section title=&#8221;Como altero os dados da minha conta?&#8221; tab_id=&#8221;1670785670519-40a5ecd1-1cb2&#8243;][vc_column_text]Ter\u00e1 que aceder \u00e0 op\u00e7\u00e3o &#8220;Minha Conta&#8221; no canto superior direito do site seguido da op\u00e7\u00e3o &#8220;Detalhes da Conta&#8221; e a\u00ed poder\u00e1 alterar as informa\u00e7\u00f5es pretendidas.<\/p>\n<p>Poder\u00e1 tamb\u00e9m alterar os seus dados de factura\u00e7\u00e3o e envio na o\u00e7\u00e3o &#8220;Morada&#8221;. Caso n\u00e3o consiga alterar alguma das informa\u00e7\u00f5es, contacte-nos por favor.[\/vc_column_text][\/vc_tta_section][vc_tta_section title=&#8221;Posso eliminar a minha conta?&#8221; tab_id=&#8221;1670785670548-5a938df3-5a6b&#8221;][vc_column_text]N\u00e3o existe uma op\u00e7\u00e3o no nosso site para o cliente eliminar a sua pr\u00f3pria conta. No entanto, n\u00f3s podemos manualmente remover a mesma a pedido do cliente.[\/vc_column_text][\/vc_tta_section][\/vc_tta_accordion][\/vc_column][\/vc_row][vc_row][vc_column][vc_column_text css_animation=&#8221;fadeInDown&#8221; css=&#8221;.vc_custom_1670783985849{padding-bottom: 2% !important;}&#8221;]<\/p>\n<h1>Encomendas<\/h1>\n<p>[\/vc_column_text][vc_tta_accordion style=&#8221;modern&#8221; shape=&#8221;square&#8221; active_section=&#8221;0&#8243; css_animation=&#8221;fadeInLeft&#8221; collapsible_all=&#8221;true&#8221; el_class=&#8221;yolo-faqs&#8221;][vc_tta_section title=&#8221;Preciso de me registar antes de encomendar?&#8221; tab_id=&#8221;1670781337777-f599f911-5337&#8243;][vc_column_text]N\u00e3o necessita de criar uma conta para encomendar atrav\u00e9s do nosso site, no entanto, ter\u00e1 que nos fornecer as informa\u00e7\u00f5es necess\u00e1rias para sermos capazes de facturar e enviar a sua encomenda.[\/vc_column_text][\/vc_tta_section][vc_tta_section title=&#8221;Se eu encomendar hoje, quando ir\u00e3o enviar a encomenda?&#8221; tab_id=&#8221;1670782502270-e3cbbef3-63d3&#8243;][vc_column_text]<\/p>\n<p data-start=\"65\" data-end=\"384\">Para minimizar o desperd\u00edcio de mat\u00e9rias-primas e consum\u00edveis, agrupamos as encomendas pagas at\u00e9 <strong data-start=\"141\" data-end=\"163\">segunda-feira, \u00e0 primeira hora<\/strong>, e iniciamos a produ\u00e7\u00e3o no mesmo dia. As encomendas s\u00e3o posteriormente finalizadas, embaladas e enviadas na ter\u00e7a-feira. Para encomendas pagas at\u00e9 <strong data-start=\"279\" data-end=\"304\">quarta-feira, \u00e0 primeira hora,<\/strong> a produ\u00e7\u00e3o ter\u00e1 lugar na quarta-feira, com o envio a ocorrer na quinta-feira.<\/p>\n<p data-start=\"510\" data-end=\"698\">Normalmente, levamos entre <strong data-start=\"537\" data-end=\"560\">1 a 4 dias \u00fateis<\/strong> para enviar as encomendas, a menos que existam verifica\u00e7\u00f5es de controlo de qualidade, grandes quantidades ou requisitos especiais de materiais\/produ\u00e7\u00e3o que possam prolongar o tempo de processamento.<\/p>\n<p data-start=\"510\" data-end=\"698\">Se houver um feriado nessa semana, ajustaremos a produ\u00e7\u00e3o para garantir que todas as encomendas sejam enviadas no prazo.<\/p>\n<p data-start=\"700\" data-end=\"790\">Se tiver alguma d\u00favida ou pedido urgente, por favor, contacte-nos antes de efetuar a sua encomenda.<\/p>\n<div id=\"gtx-trans\" style=\"position: absolute; left: -12px; top: 214.667px;\">\n<div class=\"gtx-trans-icon\"><\/div>\n<\/div>\n<p>[\/vc_column_text][\/vc_tta_section][vc_tta_section title=&#8221;Como poderei pagar a minha encomenda?&#8221; tab_id=&#8221;1670781337810-80924788-e247&#8243;][vc_column_text]<\/p>\n<p data-start=\"78\" data-end=\"307\">Disponibilizamos diversos m\u00e9todos de pagamento, incluindo Transfer\u00eancias Banc\u00e1rias, PayPal, Stripe, Revolut, Apple Pay, Google Pay e cart\u00e3o de cr\u00e9dito.<\/p>\n<p data-start=\"309\" data-end=\"422\">Para clientes em Portugal, oferecemos ainda m\u00e9todos de pagamento locais como Multibanco, MB Way e Payshop.<\/p>\n<p>[\/vc_column_text][\/vc_tta_section][vc_tta_section title=&#8221;Posso pagar numa moeda diferente?&#8221; tab_id=&#8221;1670782955576-197cdc62-b709&#8243;][vc_column_text]O nosso site apenas ir\u00e1 aceitar a nossa moeda, o Euro.<\/p>\n<p>Se utilizar o servi\u00e7o PayPal ou Revolut, o sistema deles converter\u00e1 automaticamente a sua moeda para Euros.<\/p>\n<p>Caso use Transfer\u00eancia banc\u00e1ria, dever\u00e1 fazer a convers\u00e3o no seu banco de forma a recebermos a quantia exacta em Euros.<\/p>\n<div id=\"gtx-trans\" style=\"position: absolute; left: 144px; top: 30.6667px;\">\n<div class=\"gtx-trans-icon\"><\/div>\n<\/div>\n<p>[\/vc_column_text][\/vc_tta_section][vc_tta_section title=&#8221;Posso alterar ou cancelar a minha encomenda?&#8221; tab_id=&#8221;1670782957169-2fd0765a-f001&#8243;][vc_column_text]Assim que uma encomenda \u00e9 realizada, esta seguir\u00e1 diretamente para produ\u00e7\u00e3o, tornando-se imposs\u00edvel cancel\u00e1-la a partir desse momento, exceto se o cliente tiver escolhido um servi\u00e7o bespoke ou com maquete.<\/p>\n<p>Se o cancelamento for solicitado ap\u00f3s o in\u00edcio do processo de design, mas antes do in\u00edcio da produ\u00e7\u00e3o, poderemos emitir um reembolso. No entanto, as taxas de processamento cobradas pelas institui\u00e7\u00f5es financeiras e o custo do trabalho de design ser\u00e3o deduzidos do montante reembolsado.<\/p>\n<p>Para qualquer altera\u00e7\u00e3o necess\u00e1ria, o cliente deve contactar-nos o mais rapidamente poss\u00edvel ap\u00f3s a realiza\u00e7\u00e3o da encomenda. Uma vez iniciada a produ\u00e7\u00e3o, n\u00e3o ser\u00e1 poss\u00edvel fazer modifica\u00e7\u00f5es ou cancelamentos.[\/vc_column_text][\/vc_tta_section][vc_tta_section title=&#8221;Como poderei ver onde est\u00e1 a minha encomenda?&#8221; tab_id=&#8221;1670781337825-ac8a8af2-7ac1&#8243;][vc_column_text]Assim que enviarmos a encomenda, o cliente ir\u00e1 receber uma confirma\u00e7\u00e3o de envio por email com o n\u00famero de objecto e o endere\u00e7o para conseguir consultar o estado do envio da empresa de envios correspondente.<\/p>\n<p>Para clientes localizados em portugal, existe a op\u00e7\u00e3o de envio em CTT Correio Verde, que n\u00e3o ter\u00e1 n\u00famero de objecto. Esta op\u00e7\u00e3o s\u00f3 estar\u00e1 dispon\u00edvel para encomendas abaixo de 20,00\u20ac e com produtos que caibam dentro de envelopes DL ou C5.<\/p>\n<p>De notar que em \u00e9pocas festivas ou alturas de particular dificuldade como pandemias, guerras, etc, os prazos padr\u00e3o de envio poder\u00e3o sofrer altera\u00e7\u00f5es sem aviso pr\u00e9vio. \u00c9 da inteira responsabilidade da empresa de envios informar o cliente.[\/vc_column_text][\/vc_tta_section][vc_tta_section title=&#8221;Posso devolver os meus produtos?&#8221; tab_id=&#8221;1670781337844-a84c4fcf-33fa&#8221;][vc_column_text]<\/p>\n<p data-start=\"71\" data-end=\"309\">Como produzimos principalmente produtos personalizados, <strong data-start=\"120\" data-end=\"162\">n\u00e3o aceitamos devolu\u00e7\u00f5es nem emitimos reembolsos<\/strong> para a maioria dos produtos. Os produtos personalizados s\u00e3o feitos especificamente para cada cliente, o que os torna dif\u00edceis de revender e com valor de revenda limitado.<\/p>\n<p data-start=\"311\" data-end=\"587\">No entanto, aceitamos devolu\u00e7\u00f5es <strong data-start=\"341\" data-end=\"371\">dentro de 1 m\u00eas ap\u00f3s a compra <\/strong>para produtos selados e universais, como os nossos produtos Riskless Universal. Nestes casos, o produto deve ser devolvido sem uso, sem danos e na sua condi\u00e7\u00e3o original. Os custos de envio s\u00e3o da responsabilidade do cliente.<\/p>\n<p data-start=\"589\" data-end=\"662\">Para iniciar uma devolu\u00e7\u00e3o, por favor, contacte-nos com as seguintes informa\u00e7\u00f5es:<\/p>\n<ul data-start=\"663\" data-end=\"751\">\n<li data-start=\"663\" data-end=\"671\">Nome<\/li>\n<li data-start=\"672\" data-end=\"688\">N\u00famero da encomenda<\/li>\n<li data-start=\"689\" data-end=\"709\">Data da compra<\/li>\n<li data-start=\"710\" data-end=\"751\">Produto a devolver e o motivo<\/li>\n<\/ul>\n<p data-start=\"753\" data-end=\"904\">As devolu\u00e7\u00f5es devem ser enviadas com um servi\u00e7o de envio rastreado. Os reembolsos ser\u00e3o processados assim que recebermos e inspecionarmos o produto para garantir que cumpre os crit\u00e9rios de devolu\u00e7\u00e3o.<\/p>\n<p>[\/vc_column_text][\/vc_tta_section][\/vc_tta_accordion][\/vc_column][\/vc_row][vc_row][vc_column][vc_column_text css_animation=&#8221;fadeInDown&#8221; css=&#8221;.vc_custom_1670786935556{padding-bottom: 2% !important;}&#8221;]<\/p>\n<h1>Autocolantes<\/h1>\n<div id=\"gtx-trans\" style=\"position: absolute; left: -97px; top: -1.22917px;\">\n<div class=\"gtx-trans-icon\"><\/div>\n<\/div>\n<p>[\/vc_column_text][vc_tta_accordion style=&#8221;modern&#8221; shape=&#8221;square&#8221; active_section=&#8221;0&#8243; css_animation=&#8221;fadeInLeft&#8221; collapsible_all=&#8221;true&#8221; el_class=&#8221;yolo-faqs&#8221;][vc_tta_section title=&#8221;Enviam amostras?&#8221; tab_id=&#8221;1670786921826-e24ddd93-129d&#8221;][vc_column_text]N\u00e3o enviamos amostras. A qualidade dos nossos produtos \u00e9 assegurada pelo conhecimento que temos com a produ\u00e7\u00e3o, aplica\u00e7\u00e3o e uso dos produtos que vendemos, sendo que iremos sempre recomendar-lhe a melhor op\u00e7\u00e3o para si.<\/p>\n<p>Em termos maquetes, em produtos personalizados ou quando existem d\u00favidas sobre a personaliza\u00e7\u00e3o do cliente, iremos entrar em contacto com o cliente antes da produ\u00e7\u00e3o.<\/p>\n<p>Caso pretende ver uma maquete antes de encomendar, contacte-nos por favor.<\/p>\n<p>N\u00e3o ficou satisfeito com os produtos recebidos? Entre em contato connosco e n\u00f3s resolvemos! :)[\/vc_column_text][\/vc_tta_section][vc_tta_section title=&#8221;Como devo fazer para ter a certeza que a cor ir\u00e1 combinar na perfei\u00e7\u00e3o?&#8221; tab_id=&#8221;1670787470286-aa27f9c4-34ad&#8221;][vc_column_text]Contamos com uma base de dados significativa das cores mais usadas pelos fabricantes mais comuns que podemos usar para calibrar a cor de um autocolante.<\/p>\n<p>Em caso de n\u00e3o termos a mesma j\u00e1 calibrada, podemos tentar aproximar usando fotos, no entanto, nunca ser\u00e1 uma op\u00e7\u00e3o com bons resultados garantidos.<\/p>\n<p>A \u00fanica solu\u00e7\u00e3o para uma calibra\u00e7\u00e3o perfeita ser\u00e1 sempre termos o produto connosco para fazermos testes, algo que fazemos gratuitamente.<\/p>\n<p>O uso de c\u00f3digos CMYK, Pantone ou RAL, nunca ser\u00e1 garantido dado que existe uma grande varia\u00e7\u00e3o da parte do fabricante, sendo que a grande maioria das vezes, iremos estar bastante mais pr\u00f3ximos do que o fabricante entre o desenho do produto e a sua produ\u00e7\u00e3o.<\/p>\n<p>Dependendo do seu ecr\u00e3, emula\u00e7\u00e3o de cores virtuais e processamento das mesmas pelas m\u00e1quinas, ir\u00e1 existir sempre uma diferen\u00e7a entre a maquete e o resultado final, pelo que recomendamos a confiar sempre na nossa opini\u00e3o.<\/p>\n<p>Nunca se esque\u00e7a que a maioria das tintas e cores ir\u00e1 sofrer altera\u00e7\u00f5es com a exposi\u00e7\u00e3o solar e com o tempo, pelo que usando um c\u00f3digo de cor j\u00e1 calibrado, poder\u00e1 ter diferen\u00e7as para o seu produto, principalmente em cores fluorescentes.<\/p>\n<p>Em cores especiais, como metalizados, fluorescentes, cromados, etc, podemos ter que usar mat\u00e9rias-primas espec\u00edficas, que poderemos ter que adquirir propositadamente para si e o que pode envolver custos extra. Nestas situa\u00e7\u00f5es, iremos avisar o cliente atempadamente para o mesmo tomar uma decis\u00e3o.[\/vc_column_text][\/vc_tta_section][vc_tta_section title=&#8221;Tipos de Materiais&#8221; tab_id=&#8221;1700866800998-9d32007d-5874&#8243;][vc_column_text]<a href=\"https:\/\/jm-graphics.com\/pt-pt\/perguntas-frequentes\/tipos-de-materiais\/\">Por favor, verifique esta p\u00e1gina.<\/a><\/p>\n<div id=\"gtx-trans\" style=\"position: absolute; left: -115px; top: -9.33333px;\">\n<div class=\"gtx-trans-icon\"><\/div>\n<\/div>\n<p>[\/vc_column_text][\/vc_tta_section][vc_tta_section title=&#8221;Tipos de Cores&#8221; tab_id=&#8221;1700866951652-1c16bc1a-1c6f&#8221;][vc_column_text]<a href=\"https:\/\/jm-graphics.com\/pt-pt\/perguntas-frequentes\/tipos-de-cores\/\">Por favor, verifique esta p\u00e1gina.<\/a><\/p>\n<div id=\"gtx-trans\" style=\"position: absolute; left: -64px; top: -9.33333px;\">\n<div class=\"gtx-trans-icon\"><\/div>\n<\/div>\n<p>[\/vc_column_text][\/vc_tta_section][vc_tta_section title=&#8221;Tipos de Acabamentos&#8221; tab_id=&#8221;1700866974992-11db9bc3-0c86&#8243;][vc_column_text]<a href=\"https:\/\/jm-graphics.com\/pt-pt\/perguntas-frequentes\/tipos-de-acabamentos\/\">Por favor, verifique esta p\u00e1gina.<\/a>[\/vc_column_text][\/vc_tta_section][vc_tta_section title=&#8221;Tipos de Corte&#8221; tab_id=&#8221;1700866998126-7c78daa3-0ca7&#8243;][vc_column_text]<a href=\"https:\/\/jm-graphics.com\/pt-pt\/perguntas-frequentes\/tipos-de-corte\/\">Por favor, verifique esta p\u00e1gina.<\/a><\/p>\n<div id=\"gtx-trans\" style=\"position: absolute; left: -200px; top: -9.33333px;\">\n<div class=\"gtx-trans-icon\"><\/div>\n<\/div>\n<p>[\/vc_column_text][\/vc_tta_section][\/vc_tta_accordion][\/vc_column][\/vc_row]<\/p>\n","protected":false},"excerpt":{"rendered":"<p>[vc_row][vc_column][vc_column_text css_animation=&#8221;fadeInDown&#8221; css=&#8221;.vc_custom_1670785678907{padding-bottom: 2% !important;}&#8221;] Geral [\/vc_column_text][vc_tta_accordion style=&#8221;modern&#8221; shape=&#8221;square&#8221; active_section=&#8221;0&#8243; css_animation=&#8221;fadeInLeft&#8221; collapsible_all=&#8221;true&#8221; el_class=&#8221;yolo-faqs&#8221;][vc_tta_section title=&#8221;Porque \u00e9 que ainda n\u00e3o recebi uma resposta \u00e0 minha mensagem\/email?&#8221; tab_id=&#8221;1700866709906-53ed2706-0c56&#8243;][vc_column_text]Somos uma equipa bastante pequena e tentamos o nosso m\u00e1ximo para responder o mais r\u00e1pidamente possivel a todas as mensagens\/emails. Por vezes, principalmente em \u00e9pocas festivas, o tempo \u00fatil de resposta&#8230;<\/p>\n","protected":false},"author":1,"featured_media":0,"parent":0,"menu_order":0,"comment_status":"closed","ping_status":"closed","template":"","meta":{"footnotes":""},"class_list":["post-19376","page","type-page","status-publish","hentry"],"aioseo_notices":[],"_links":{"self":[{"href":"https:\/\/jm-graphics.com\/pt-pt\/wp-json\/wp\/v2\/pages\/19376","targetHints":{"allow":["GET"]}}],"collection":[{"href":"https:\/\/jm-graphics.com\/pt-pt\/wp-json\/wp\/v2\/pages"}],"about":[{"href":"https:\/\/jm-graphics.com\/pt-pt\/wp-json\/wp\/v2\/types\/page"}],"author":[{"embeddable":true,"href":"https:\/\/jm-graphics.com\/pt-pt\/wp-json\/wp\/v2\/users\/1"}],"replies":[{"embeddable":true,"href":"https:\/\/jm-graphics.com\/pt-pt\/wp-json\/wp\/v2\/comments?post=19376"}],"version-history":[{"count":34,"href":"https:\/\/jm-graphics.com\/pt-pt\/wp-json\/wp\/v2\/pages\/19376\/revisions"}],"predecessor-version":[{"id":48149,"href":"https:\/\/jm-graphics.com\/pt-pt\/wp-json\/wp\/v2\/pages\/19376\/revisions\/48149"}],"wp:attachment":[{"href":"https:\/\/jm-graphics.com\/pt-pt\/wp-json\/wp\/v2\/media?parent=19376"}],"curies":[{"name":"wp","href":"https:\/\/api.w.org\/{rel}","templated":true}]}}