{"id":19365,"date":"2022-12-10T22:33:38","date_gmt":"2022-12-10T22:33:38","guid":{"rendered":"https:\/\/jm-graphics.com\/tipos-de-cores\/"},"modified":"2022-12-10T22:43:59","modified_gmt":"2022-12-10T22:43:59","slug":"tipos-de-cores","status":"publish","type":"page","link":"https:\/\/jm-graphics.com\/pt-pt\/perguntas-frequentes\/tipos-de-cores\/","title":{"rendered":"Tipos de Cores"},"content":{"rendered":"<p>[vc_row][vc_column][vc_row_inner css_animation=&#8221;wpb_fadeInLeft&#8221;][vc_column_inner width=&#8221;1\/4&#8243;][vc_images_carousel images=&#8221;17554,17284,17278,16674,16680&#8243; img_size=&#8221;medium&#8221;][\/vc_column_inner][vc_column_inner width=&#8221;3\/4&#8243; css=&#8221;.vc_custom_1669579415161{padding-left: 5% !important;}&#8221;][vc_column_text css_animation=&#8221;none&#8221;]<\/p>\n<h3><strong>CORES NORMAIS<\/strong><\/h3>\n<div id=\"gtx-trans\" style=\"position: absolute; left: -4px; top: -5.94792px;\">\n<div class=\"gtx-trans-icon\"><\/div>\n<\/div>\n<p>[\/vc_column_text][vc_separator border_width=&#8221;2&#8243; css=&#8221;.vc_custom_1670706720664{padding-top: 1% !important;padding-bottom: 1% !important;}&#8221;][vc_column_text]O tipo de cor mais comum e b\u00e1sico, sem qualquer tipo de efeito especial.<\/p>\n<div id=\"gtx-trans\" style=\"position: absolute; left: -69px; top: -9.33333px;\">\n<div class=\"gtx-trans-icon\"><\/div>\n<\/div>\n<p>[\/vc_column_text][\/vc_column_inner][\/vc_row_inner][vc_row_inner css_animation=&#8221;wpb_fadeInLeft&#8221; css=&#8221;.vc_custom_1670707050538{padding-top: 3% !important;}&#8221;][vc_column_inner width=&#8221;1\/4&#8243;][vc_images_carousel images=&#8221;17556,17292,17288&#8243; img_size=&#8221;medium&#8221;][\/vc_column_inner][vc_column_inner width=&#8221;3\/4&#8243; css=&#8221;.vc_custom_1669579415161{padding-left: 5% !important;}&#8221;][vc_column_text]<\/p>\n<h3><strong>CORES METALIZADAS<\/strong><\/h3>\n<p>[\/vc_column_text][vc_separator border_width=&#8221;2&#8243; css=&#8221;.vc_custom_1670706738840{padding-top: 1% !important;padding-bottom: 1% !important;}&#8221;][vc_column_text]Este tipo de cores cont\u00e9m pequenas particulas metalizadas para adicionar brilho e reflector mais luz, o que acaba por criar um efeito din\u00e2mico e ir\u00e1 destacar v\u00e1rios tons da mesma cor. T\u00eam uma base metalizada cinza em vez de uma base branca como usada em cores normais.[\/vc_column_text][\/vc_column_inner][\/vc_row_inner][vc_row_inner css_animation=&#8221;wpb_fadeInLeft&#8221; css=&#8221;.vc_custom_1670707058922{padding-top: 3% !important;}&#8221;][vc_column_inner width=&#8221;1\/4&#8243;][vc_images_carousel images=&#8221;17558,15796,15135,15099&#8243; img_size=&#8221;medium&#8221;][\/vc_column_inner][vc_column_inner width=&#8221;3\/4&#8243; css=&#8221;.vc_custom_1669579415161{padding-left: 5% !important;}&#8221;][vc_column_text]<\/p>\n<h3><strong>CORES FLUORESCENTES<\/strong><\/h3>\n<div id=\"gtx-trans\" style=\"position: absolute; left: -83px; top: -5.94792px;\">\n<div class=\"gtx-trans-icon\"><\/div>\n<\/div>\n<p>[\/vc_column_text][vc_separator border_width=&#8221;2&#8243; css=&#8221;.vc_custom_1670706750532{padding-top: 1% !important;padding-bottom: 1% !important;}&#8221;][vc_column_text]Cores intensas e electrificantes, que adicionam energia e entusiasmo aos gr\u00e1ficos. S\u00e3o vers\u00f5es extremamentes vivas de cores prim\u00e1rias e secund\u00e1rias como Amarelo, Laranja, Verde e Rosa.[\/vc_column_text][\/vc_column_inner][\/vc_row_inner][vc_row_inner css_animation=&#8221;wpb_fadeInLeft&#8221; css=&#8221;.vc_custom_1670707066490{padding-top: 3% !important;}&#8221;][vc_column_inner width=&#8221;1\/4&#8243;][vc_images_carousel images=&#8221;17566&#8243; img_size=&#8221;medium&#8221;][\/vc_column_inner][vc_column_inner width=&#8221;3\/4&#8243; css=&#8221;.vc_custom_1669579415161{padding-left: 5% !important;}&#8221;][vc_column_text]<\/p>\n<h3><strong>CORES IRIDESCENTES (CAMALE\u00c3O)<\/strong><\/h3>\n<p>[\/vc_column_text][vc_separator border_width=&#8221;2&#8243; css=&#8221;.vc_custom_1670706760770{padding-top: 1% !important;padding-bottom: 1% !important;}&#8221;][vc_column_text]Cores que parecem mudar gradualmente conforme o \u00e2ngulo de visualiza\u00e7\u00e3o ou ilumina\u00e7\u00e3o muda, normalmente entre cores pr\u00e9-determinadas.[\/vc_column_text][\/vc_column_inner][\/vc_row_inner][vc_row_inner css_animation=&#8221;wpb_fadeInLeft&#8221; css=&#8221;.vc_custom_1670707072923{padding-top: 3% !important;}&#8221;][vc_column_inner width=&#8221;1\/4&#8243;][vc_images_carousel images=&#8221;17560,16686,13891,13876,14504&#8243; img_size=&#8221;medium&#8221;][\/vc_column_inner][vc_column_inner width=&#8221;3\/4&#8243; css=&#8221;.vc_custom_1669579415161{padding-left: 5% !important;}&#8221;][vc_column_text]<\/p>\n<h3><strong>CORES CROMADAS<\/strong><\/h3>\n<div id=\"gtx-trans\" style=\"position: absolute; left: -12px; top: -5.94792px;\">\n<div class=\"gtx-trans-icon\"><\/div>\n<\/div>\n<p>[\/vc_column_text][vc_separator border_width=&#8221;2&#8243; css=&#8221;.vc_custom_1670706771984{padding-top: 1% !important;padding-bottom: 1% !important;}&#8221;][vc_column_text]Cores espelhadas que reflectem a luz de forma perfeita. Por essa raz\u00e3o, \u00e9 criado um efeito din\u00e2mico que reflete o ambiente envolvente e se mistura perfeitamente ao mesmo tempo que se destaca quando exposto a uma grande quantidade de luz.[\/vc_column_text][\/vc_column_inner][\/vc_row_inner][vc_row_inner css_animation=&#8221;wpb_fadeInLeft&#8221; css=&#8221;.vc_custom_1670707080139{padding-top: 3% !important;}&#8221;][vc_column_inner width=&#8221;1\/4&#8243;][vc_images_carousel images=&#8221;17562,17306,13878&#8243; img_size=&#8221;medium&#8221;][\/vc_column_inner][vc_column_inner width=&#8221;3\/4&#8243; css=&#8221;.vc_custom_1669579415161{padding-left: 5% !important;}&#8221;][vc_column_text]<\/p>\n<h3><strong>CORES CROMADAS HOLOGR\u00c1FICAS<\/strong><\/h3>\n<p>[\/vc_column_text][vc_separator border_width=&#8221;2&#8243; css=&#8221;.vc_custom_1670706779497{padding-top: 1% !important;padding-bottom: 1% !important;}&#8221;][vc_column_text]Cores espelhadas que filtram a luz, com um efeito prism\u00e1tico, onde diferentes comprimentos de onda ou tons s\u00e3o mostrados dependendo do \u00e2ngulo em que a luz embate na superficie, dando ao seu autocolante um efeito arco-iris dram\u00e1tico.[\/vc_column_text][\/vc_column_inner][\/vc_row_inner][vc_separator border_width=&#8221;5&#8243; css_animation=&#8221;fadeIn&#8221; css=&#8221;.vc_custom_1670707126676{padding-top: 4% !important;padding-bottom: 2% !important;}&#8221;][vc_column_text css_animation=&#8221;fadeInUp&#8221;]<\/p>\n<h5 style=\"text-align: center;\">Caso tenha alguma d\u00favida sobre o t\u00f3pico acima, por favor <a href=\"https:\/\/jm-graphics.com\/pt-pt\/contactos\/\"><strong>contacte-nos.<\/strong><\/a><\/h5>\n<div id=\"gtx-trans\" style=\"position: absolute; left: -18px; top: 42.9375px;\">\n<div class=\"gtx-trans-icon\"><\/div>\n<\/div>\n<p>[\/vc_column_text][\/vc_column][\/vc_row]<\/p>\n","protected":false},"excerpt":{"rendered":"<p>[vc_row][vc_column][vc_row_inner css_animation=&#8221;wpb_fadeInLeft&#8221;][vc_column_inner width=&#8221;1\/4&#8243;][vc_images_carousel images=&#8221;17554,17284,17278,16674,16680&#8243; img_size=&#8221;medium&#8221;][\/vc_column_inner][vc_column_inner width=&#8221;3\/4&#8243; css=&#8221;.vc_custom_1669579415161{padding-left: 5% !important;}&#8221;][vc_column_text css_animation=&#8221;none&#8221;] CORES NORMAIS [\/vc_column_text][vc_separator border_width=&#8221;2&#8243; css=&#8221;.vc_custom_1670706720664{padding-top: 1% !important;padding-bottom: 1% !important;}&#8221;][vc_column_text]O tipo de cor mais comum e b\u00e1sico, sem qualquer tipo de efeito especial. [\/vc_column_text][\/vc_column_inner][\/vc_row_inner][vc_row_inner css_animation=&#8221;wpb_fadeInLeft&#8221; css=&#8221;.vc_custom_1670707050538{padding-top: 3% !important;}&#8221;][vc_column_inner width=&#8221;1\/4&#8243;][vc_images_carousel images=&#8221;17556,17292,17288&#8243; img_size=&#8221;medium&#8221;][\/vc_column_inner][vc_column_inner width=&#8221;3\/4&#8243; css=&#8221;.vc_custom_1669579415161{padding-left: 5% !important;}&#8221;][vc_column_text] CORES METALIZADAS [\/vc_column_text][vc_separator border_width=&#8221;2&#8243; css=&#8221;.vc_custom_1670706738840{padding-top: 1% !important;padding-bottom: 1% !important;}&#8221;][vc_column_text]Este tipo de&#8230;<\/p>\n","protected":false},"author":1,"featured_media":0,"parent":19376,"menu_order":0,"comment_status":"closed","ping_status":"closed","template":"","meta":{"footnotes":""},"class_list":["post-19365","page","type-page","status-publish","hentry"],"aioseo_notices":[],"_links":{"self":[{"href":"https:\/\/jm-graphics.com\/pt-pt\/wp-json\/wp\/v2\/pages\/19365","targetHints":{"allow":["GET"]}}],"collection":[{"href":"https:\/\/jm-graphics.com\/pt-pt\/wp-json\/wp\/v2\/pages"}],"about":[{"href":"https:\/\/jm-graphics.com\/pt-pt\/wp-json\/wp\/v2\/types\/page"}],"author":[{"embeddable":true,"href":"https:\/\/jm-graphics.com\/pt-pt\/wp-json\/wp\/v2\/users\/1"}],"replies":[{"embeddable":true,"href":"https:\/\/jm-graphics.com\/pt-pt\/wp-json\/wp\/v2\/comments?post=19365"}],"version-history":[{"count":10,"href":"https:\/\/jm-graphics.com\/pt-pt\/wp-json\/wp\/v2\/pages\/19365\/revisions"}],"predecessor-version":[{"id":19379,"href":"https:\/\/jm-graphics.com\/pt-pt\/wp-json\/wp\/v2\/pages\/19365\/revisions\/19379"}],"up":[{"embeddable":true,"href":"https:\/\/jm-graphics.com\/pt-pt\/wp-json\/wp\/v2\/pages\/19376"}],"wp:attachment":[{"href":"https:\/\/jm-graphics.com\/pt-pt\/wp-json\/wp\/v2\/media?parent=19365"}],"curies":[{"name":"wp","href":"https:\/\/api.w.org\/{rel}","templated":true}]}}